{"id":7305,"date":"2026-02-25T17:51:26","date_gmt":"2026-02-25T16:51:26","guid":{"rendered":"https:\/\/oemmespa.com\/about-us-2026\/"},"modified":"2026-03-11T15:34:00","modified_gmt":"2026-03-11T14:34:00","slug":"about-us-2026","status":"publish","type":"page","link":"https:\/\/oemmespa.com\/es\/about-us-2026\/","title":{"rendered":"Sobre nosotros &#8211; 2026"},"content":{"rendered":"\t\t<div data-elementor-type=\"wp-page\" data-elementor-id=\"7305\" class=\"elementor elementor-7305 elementor-7233\" data-elementor-post-type=\"page\">\n\t\t\t\t<div class=\"elementor-element elementor-element-181f54f e-con-full e-flex e-con e-parent\" data-id=\"181f54f\" data-element_type=\"container\" data-e-type=\"container\" data-settings=\"{&quot;background_background&quot;:&quot;classic&quot;}\">\n\t\t\t\t<div class=\"elementor-element elementor-element-c7f2664 elementor-widget__width-initial elementor-widget elementor-widget-html\" data-id=\"c7f2664\" data-element_type=\"widget\" data-e-type=\"widget\" data-widget_type=\"html.default\">\n\t\t\t\t\t<style>@import url('https:\/\/fonts.googleapis.com\/css2?family=Montserrat:wght@200;300;400;500;600;700&display=swap');\n\n.about-hero{position:relative;padding:8rem 2rem 6rem;overflow:hidden;text-align:center;background:#121212}\n.about-hero-grid{position:absolute;inset:0;opacity:.02;background-image:linear-gradient(#e0e0e0 1px,transparent 1px),linear-gradient(90deg,#e0e0e0 1px,transparent 1px);background-size:80px 80px}\n.about-hero-content{position:relative;z-index:2;max-width:56rem;margin:0 auto}\n.about-hero-tag{font-family:'Montserrat',sans-serif;font-weight:400;font-size:1.5rem;letter-spacing:.3em;text-transform:uppercase;color:rgba(74,222,128,.6)}\n.about-hero-title{font-family:'Montserrat',sans-serif;font-weight:700;font-size:3rem;color:#fff;line-height:1.2;letter-spacing:.02em;margin-top:2rem}\n.about-hero-accent{color:#4ade80;font-weight:600}\n.about-hero-subtitle{font-family:'Montserrat',sans-serif;font-weight:400;font-size:1.25rem;color:#fff;margin-top:2rem}\n\n.about-timeline-section{position:relative;padding:10rem 2rem;background:#121212;overflow:hidden}\n.about-timeline-grid-bg{position:absolute;inset:0;opacity:.02;background-image:linear-gradient(#4ade80 1px,transparent 1px),linear-gradient(90deg,#4ade80 1px,transparent 1px);background-size:80px 80px}\n.about-timeline-container{position:relative;z-index:2;max-width:72rem;margin:0 auto}\n.about-timeline-row{display:grid;grid-template-columns:1fr 1fr;gap:6rem;align-items:center}\n.about-timeline-tag{font-family:'Montserrat',sans-serif;font-weight:400;font-size:1.5rem;letter-spacing:.3em;text-transform:uppercase;color:rgba(74,222,128,.6)}\n.about-timeline-heading{font-family:'Montserrat',sans-serif;font-weight:700;font-size:2.25rem;color:#fff;line-height:1.2;letter-spacing:.02em;margin-top:3rem;margin-bottom:4rem}\n.about-timeline{position:relative;display:flex;flex-direction:column;gap:3rem}\n.about-timeline-line{position:absolute;left:0;top:0;bottom:0;width:2px;background:rgba(255,255,255,.1)}\n.about-timeline-line-progress{position:absolute;left:0;top:0;width:2px;height:0;background:#4ade80;transition:height .1s linear;box-shadow:0 0 8px rgba(74,222,128,.4)}\n.about-timeline-item{position:relative;padding-left:2rem;opacity:.4;transition:opacity .5s ease}\n.about-timeline-item.is-active{opacity:1}\n.about-timeline-dot{position:absolute;left:0;top:.5rem;width:8px;height:8px;border-radius:50%;background:rgba(255,255,255,.3);transform:translateX(-3px);transition:all .5s ease}\n.about-timeline-item.is-active .about-timeline-dot{background:#4ade80;box-shadow:0 0 12px rgba(74,222,128,.6)}\n.about-timeline-year{font-family:'Montserrat',sans-serif;font-weight:400;font-size:1.125rem;color:rgba(255,255,255,.7);letter-spacing:.1em;transition:color .5s ease}\n.about-timeline-item.is-active .about-timeline-year{color:#4ade80}\n.about-timeline-item-title{font-family:'Montserrat',sans-serif;font-weight:600;font-size:1.25rem;color:#fff;letter-spacing:.05em;margin-top:.25rem}\n.about-timeline-item-desc{font-family:'Montserrat',sans-serif;font-weight:400;font-size:1.125rem;color:#fff}\n.about-timeline-right{display:flex;flex-direction:column;gap:3rem}\n.about-timeline-text{font-family:'Montserrat',sans-serif;font-weight:400;font-size:1.25rem;color:#fff;line-height:1.8}\n.about-timeline-cta{padding-top:2rem}\n.about-link-btn{font-family:'Montserrat',sans-serif;font-weight:400;font-size:1.125rem;color:#fff;text-decoration:none;letter-spacing:.1em;transition:color .3s}\n.about-link-btn:hover{color:#4ade80}\n.about-link-arrow{margin-left:.5rem;transition:transform .3s;display:inline-block}\n.about-link-btn:hover .about-link-arrow{transform:translateX(4px)}\n\n.about-parallax{position:relative;width:100%;height:70vh;overflow:hidden}\n.about-parallax-img{width:100%;height:100%;object-fit:cover}\n\n.about-values-section{padding:5rem 2rem;background:#121212}\n.about-values-container{max-width:56rem;margin:0 auto;text-align:center}\n.about-values-heading{font-family:'Montserrat',sans-serif;font-weight:700;font-size:2.25rem;color:#fff;letter-spacing:.02em;margin-top:1rem;margin-bottom:2rem}\n.about-values-grid{display:grid;grid-template-columns:1fr 1fr;gap:2rem;margin-top:3rem;text-align:left}\n.about-value-card{padding:2.5rem;border:1px solid rgba(255,255,255,.08);border-radius:2px;transition:border-color .3s}\n.about-value-card:hover{border-color:rgba(74,222,128,.3)}\n.about-value-number{font-family:'Montserrat',sans-serif;font-weight:400;font-size:1.125rem;color:#4ade80;letter-spacing:.2em;margin-bottom:1rem}\n.about-value-title{font-family:'Montserrat',sans-serif;font-weight:600;font-size:1.25rem;color:#fff;letter-spacing:.05em;margin-bottom:.75rem}\n.about-value-desc{font-family:'Montserrat',sans-serif;font-weight:400;font-size:1.125rem;color:#fff;line-height:1.7}\n\n.about-team-section,.about-partnerships-section{padding:5rem 2rem;background:#121212}\n.about-team-text{font-family:'Montserrat',sans-serif;font-weight:400;font-size:1.25rem;color:#fff;line-height:1.7;max-width:40rem;margin:0 auto}\n\n.about-cta-section{padding:5rem 2rem;background:rgba(18,18,18,.5)}\n.about-cta-button{display:inline-flex;align-items:center;gap:.75rem;padding:1.5rem 2.5rem;font-family:'Montserrat',sans-serif;font-weight:400;font-size:1.125rem;letter-spacing:.3em;color:#4ade80;border:2px solid #4ade80;background:transparent;text-decoration:none;text-transform:none;transition:all .5s;cursor:pointer}\n.about-cta-button:hover{transform:scale(1.05);background:#4ade80;color:#121212}\n\n@media(max-width:768px){\n  .about-timeline-row{grid-template-columns:1fr;gap:3rem}\n  .about-values-grid{grid-template-columns:1fr}\n  .about-parallax{height:50vh}\n  .about-hero-tag{font-size:.875rem;font-weight:300}\n  .about-hero-title{font-size:clamp(2rem,5vw,3.75rem);font-weight:200}\n  .about-hero-accent{font-weight:300}\n  .about-hero-subtitle{font-weight:300;color:rgba(255,255,255,.8)}\n  .about-timeline-tag{font-size:.875rem;font-weight:300}\n  .about-timeline-heading{font-size:clamp(2rem,4vw,3rem);font-weight:200}\n  .about-timeline-item{opacity:1}\n  .about-timeline-item-title{font-size:1.125rem;font-weight:300}\n  .about-timeline-item-desc{font-size:1rem;font-weight:300;color:rgba(255,255,255,.7)}\n  .about-timeline-text{font-size:1.25rem;font-weight:300;color:rgba(255,255,255,.9)}\n  .about-link-btn{font-size:.875rem;font-weight:300;color:rgba(255,255,255,.7)}\n  .about-values-heading{font-size:clamp(1.75rem,3vw,2.25rem);font-weight:200}\n  .about-value-title{font-weight:300}\n  .about-value-desc{font-weight:300;color:rgba(255,255,255,.7)}\n  .about-team-text{font-weight:300;color:rgba(255,255,255,.8)}\n  .about-cta-button{font-size:.875rem;font-weight:300}\n}\n<\/style>\n\n<!-- ========== HERO ========== -->\n<section class=\"about-hero\">\n  <div class=\"about-hero-grid\"><\/div>\n  <div class=\"about-hero-content\">\n    <span class=\"about-hero-tag\">Desde 1978<\/span>\n    <div class=\"about-hero-title\">Dise\u00f1ando el futuro de la<br><span class=\"about-hero-accent\">tecnolog\u00eda de rotura de puente t\u00e9rmico<\/span><\/div>\n    <div class=\"about-hero-subtitle\">Nacidos en Italia, construidos para el mundo.<\/div>\n  <\/div>\n<\/section>\n\n<!-- ========== TIMELINE ========== -->\n<section class=\"about-timeline-section\">\n  <div class=\"about-timeline-grid-bg\"><\/div>\n  <div class=\"about-timeline-container\">\n    <div class=\"about-timeline-row\">\n      <div class=\"about-timeline-left\">\n        <span class=\"about-timeline-tag\">Qui\u00e9nes somos<\/span>\n        <div class=\"about-timeline-heading\">1978, Ingenier\u00eda de<br><span class=\"about-hero-accent\">eficiencia<\/span><\/div>\n        <div class=\"about-timeline\" id=\"scrollTimeline\">\n          <div class=\"about-timeline-line\"><\/div>\n          <div class=\"about-timeline-line-progress\" id=\"timelineProgress\"><\/div>\n          <div class=\"about-timeline-item\">\n            <div class=\"about-timeline-dot\"><\/div>\n            <span class=\"about-timeline-year\">1978<\/span>\n            <div class=\"about-timeline-item-title\">Fundaci\u00f3n<\/div>\n            <div class=\"about-timeline-item-desc\">Establecida en Ferrara, Italia<\/div>\n          <\/div>\n          <div class=\"about-timeline-item\">\n            <div class=\"about-timeline-dot\"><\/div>\n            <span class=\"about-timeline-year\">1995<\/span>\n            <div class=\"about-timeline-item-title\">Primera automatizaci\u00f3n<\/div>\n            <div class=\"about-timeline-item-desc\">L\u00ednea de montaje completamente automatizada<\/div>\n          <\/div>\n          <div class=\"about-timeline-item\">\n            <div class=\"about-timeline-dot\"><\/div>\n            <span class=\"about-timeline-year\">2018<\/span>\n            <div class=\"about-timeline-item-title\">Industria 4.0<\/div>\n            <div class=\"about-timeline-item-desc\">Integraci\u00f3n de fabricaci\u00f3n inteligente<\/div>\n          <\/div>\n          <div class=\"about-timeline-item\">\n            <div class=\"about-timeline-dot\"><\/div>\n            <span class=\"about-timeline-year\">2024<\/span>\n            <div class=\"about-timeline-item-title\">Revoluci\u00f3n sin utillaje<\/div>\n            <div class=\"about-timeline-item-desc\">L\u00ednea de producci\u00f3n sin configuraci\u00f3n<\/div>\n          <\/div>\n        <\/div>\n      <\/div>\n      <div class=\"about-timeline-right\">\n        <div class=\"about-timeline-text\">Durante m\u00e1s de 45 a\u00f1os, OEMME S.p.A. ha estado a la vanguardia de la tecnolog\u00eda de montaje de rotura de puente t\u00e9rmico.<\/div>\n        <div class=\"about-timeline-text\">Colaboramos con fabricantes de todo el mundo para hacer la producci\u00f3n m\u00e1s inteligente, m\u00e1s r\u00e1pida y m\u00e1s sostenible, transformando la forma en que se fabrican los perfiles de rotura de puente t\u00e9rmico.<\/div>\n        <div class=\"about-timeline-cta\">\n          <a href=\"#team\" class=\"about-link-btn\">Conoce al equipo <span class=\"about-link-arrow\">\u2192<\/span><\/a>\n        <\/div>\n      <\/div>\n    <\/div>\n  <\/div>\n<\/section>\n\n<!-- ========== PARALLAX 1 ========== -->\n<section class=\"about-parallax\">\n  <img decoding=\"async\" src=\"https:\/\/oemmespa.com\/wp-content\/uploads\/2026\/02\/team-oemme.jpg\" alt=\"Equipo OEMME trabajando en el taller\" class=\"about-parallax-img\" loading=\"lazy\">\n<\/section>\n\n<!-- ========== VALUES ========== -->\n<section class=\"about-values-section\">\n  <div class=\"about-values-container\">\n    <span class=\"about-timeline-tag\">\u00bfPor qu\u00e9 OEMME?<\/span>\n    <div class=\"about-values-heading\">Lo que nos <span class=\"about-hero-accent\">diferencia<\/span><\/div>\n    <div class=\"about-values-grid\">\n      <div class=\"about-value-card\">\n        <div class=\"about-value-number\">01<\/div>\n        <div class=\"about-value-title\">Excelencia en ingenier\u00eda<\/div>\n        <div class=\"about-value-desc\">Cada m\u00e1quina se dise\u00f1a y fabrica internamente en nuestra sede de Ferrara, garantizando un control de calidad total.<\/div>\n      <\/div>\n      <div class=\"about-value-card\">\n        <div class=\"about-value-number\">02<\/div>\n        <div class=\"about-value-title\">Alcance global<\/div>\n        <div class=\"about-value-desc\">Nuestras soluciones operan en m\u00e1s de 60 pa\u00edses, respaldadas por una red mundial de socios de servicio.<\/div>\n      <\/div>\n      <div class=\"about-value-card\">\n        <div class=\"about-value-number\">03<\/div>\n        <div class=\"about-value-title\">Innovaci\u00f3n ante todo<\/div>\n        <div class=\"about-value-desc\">Desde la primera l\u00ednea automatizada en 1995 hasta la tecnolog\u00eda sin utillaje actual, nunca dejamos de superar l\u00edmites.<\/div>\n      <\/div>\n      <div class=\"about-value-card\">\n        <div class=\"about-value-number\">04<\/div>\n        <div class=\"about-value-title\">Colaboraci\u00f3n con el cliente<\/div>\n        <div class=\"about-value-desc\">No solo vendemos m\u00e1quinas \u2014 co-dise\u00f1amos soluciones adaptadas a los objetivos de producci\u00f3n de cada cliente.<\/div>\n      <\/div>\n    <\/div>\n  <\/div>\n<\/section>\n\n<!-- ========== PARALLAX 2 ========== -->\n<section class=\"about-parallax\">\n  <img decoding=\"async\" src=\"https:\/\/oemmespa.com\/wp-content\/uploads\/2026\/02\/technical-drawing-oemme.jpg\" alt=\"Dibujo t\u00e9cnico de ingenier\u00eda OEMME\" class=\"about-parallax-img\" loading=\"lazy\">\n<\/section>\n\n<!-- ========== TEAM ========== -->\n<section class=\"about-team-section\" id=\"team\">\n  <div class=\"about-values-container\">\n    <div class=\"about-values-heading\">Nuestro <span class=\"about-hero-accent\">equipo<\/span><\/div>\n    <div class=\"about-team-text\">Ingenieros, t\u00e9cnicos y dise\u00f1adores crean cada d\u00eda la pr\u00f3xima generaci\u00f3n de soluciones de automatizaci\u00f3n de OEMME.<\/div>\n  <\/div>\n<\/section>\n\n<!-- ========== PARTNERSHIPS ========== -->\n<section class=\"about-partnerships-section\">\n  <div class=\"about-values-container\">\n    <div class=\"about-values-heading\">Nuestras <span class=\"about-hero-accent\">colaboraciones<\/span><\/div>\n    <div class=\"about-team-text\">Colaboramos con actores internacionales y asociaciones del sector para definir los est\u00e1ndares del ma\u00f1ana.<\/div>\n  <\/div>\n<\/section>\n\n<!-- ========== CTA ========== -->\n<section class=\"about-cta-section\">\n  <div class=\"about-values-container\">\n    <div class=\"about-values-heading\">\u00bfQuieres unirte a <span class=\"about-hero-accent\">nuestro mundo?<\/span><\/div>\n    <a href=\"https:\/\/oemmespa.com\/es\/contacta-con-nosotros\/\" class=\"about-cta-button\">\n      <svg xmlns=\"http:\/\/www.w3.org\/2000\/svg\" width=\"20\" height=\"20\" viewBox=\"0 0 24 24\" fill=\"none\" stroke=\"currentColor\" stroke-width=\"1.5\" stroke-linecap=\"round\" stroke-linejoin=\"round\"><rect width=\"20\" height=\"16\" x=\"2\" y=\"4\" rx=\"2\"\/><path d=\"m22 7-8.97 5.7a1.94 1.94 0 0 1-2.06 0L2 7\"\/><\/svg>\n      Cont\u00e1ctanos\n    <\/a>\n  <\/div>\n<\/section>\n\n<script>\n(function(){\n  const timeline = document.getElementById('scrollTimeline');\n  const progress = document.getElementById('timelineProgress');\n  const items = timeline.querySelectorAll('.about-timeline-item');\n\n  function updateTimeline(){\n    const rect = timeline.getBoundingClientRect();\n    const timelineTop = rect.top;\n    const timelineHeight = rect.height;\n    const trigger = window.innerHeight * 0.65;\n    const scrolled = Math.max(0, Math.min(1, (trigger - timelineTop) \/ timelineHeight));\n    const progressHeight = scrolled * timelineHeight;\n    progress.style.height = progressHeight + 'px';\n\n    items.forEach(function(item){\n      const itemRect = item.getBoundingClientRect();\n      const itemCenter = itemRect.top + itemRect.height * 0.3;\n      if(itemCenter < trigger){\n        item.classList.add('is-active');\n      } else {\n        item.classList.remove('is-active');\n      }\n    });\n  }\n\n  window.addEventListener('scroll', updateTimeline, {passive:true});\n  window.addEventListener('resize', updateTimeline);\n  updateTimeline();\n})();\n<\/script>\t\t\t\t<\/div>\n\t\t\t\t<\/div>\n\t\t\t\t<\/div>\n\t\t","protected":false},"excerpt":{"rendered":"<p>Desde 1978 Dise\u00f1ando el futuro de latecnolog\u00eda de rotura de puente t\u00e9rmico Nacidos en Italia, construidos para el mundo. Qui\u00e9nes somos 1978, Ingenier\u00eda deeficiencia 1978 Fundaci\u00f3n Establecida en Ferrara, Italia 1995 Primera automatizaci\u00f3n L\u00ednea de montaje completamente automatizada 2018 Industria 4.0 Integraci\u00f3n de fabricaci\u00f3n inteligente 2024 Revoluci\u00f3n sin utillaje L\u00ednea de producci\u00f3n sin configuraci\u00f3n Durante [&hellip;]<\/p>\n","protected":false},"author":4,"featured_media":0,"parent":0,"menu_order":0,"comment_status":"closed","ping_status":"closed","template":"elementor_header_footer","meta":{"footnotes":""},"class_list":["post-7305","page","type-page","status-publish","hentry"],"yoast_head":"<!-- This site is optimized with the Yoast SEO plugin v27.2 - https:\/\/yoast.com\/product\/yoast-seo-wordpress\/ -->\n<title>Sobre nosotros - 2026 - OEMME SPA<\/title>\n<meta name=\"robots\" content=\"index, follow, max-snippet:-1, max-image-preview:large, max-video-preview:-1\" \/>\n<link rel=\"canonical\" href=\"https:\/\/oemmespa.com\/es\/about-us-2026\/\" \/>\n<meta property=\"og:locale\" content=\"es_ES\" \/>\n<meta property=\"og:type\" content=\"article\" \/>\n<meta property=\"og:title\" content=\"Sobre nosotros - 2026 - OEMME SPA\" \/>\n<meta property=\"og:description\" content=\"Desde 1978 Dise\u00f1ando el futuro de latecnolog\u00eda de rotura de puente t\u00e9rmico Nacidos en Italia, construidos para el mundo. Qui\u00e9nes somos 1978, Ingenier\u00eda deeficiencia 1978 Fundaci\u00f3n Establecida en Ferrara, Italia 1995 Primera automatizaci\u00f3n L\u00ednea de montaje completamente automatizada 2018 Industria 4.0 Integraci\u00f3n de fabricaci\u00f3n inteligente 2024 Revoluci\u00f3n sin utillaje L\u00ednea de producci\u00f3n sin configuraci\u00f3n Durante [&hellip;]\" \/>\n<meta property=\"og:url\" content=\"https:\/\/oemmespa.com\/es\/about-us-2026\/\" \/>\n<meta property=\"og:site_name\" content=\"OEMME SPA\" \/>\n<meta property=\"article:modified_time\" content=\"2026-03-11T14:34:00+00:00\" \/>\n<meta property=\"og:image\" content=\"https:\/\/oemmespa.com\/wp-content\/uploads\/2026\/02\/team-oemme.jpg\" \/>\n<meta name=\"twitter:card\" content=\"summary_large_image\" \/>\n<meta name=\"twitter:label1\" content=\"Tiempo de lectura\" \/>\n\t<meta name=\"twitter:data1\" content=\"3 minutos\" \/>\n<script type=\"application\/ld+json\" class=\"yoast-schema-graph\">{\"@context\":\"https:\/\/schema.org\",\"@graph\":[{\"@type\":\"WebPage\",\"@id\":\"https:\/\/oemmespa.com\/es\/about-us-2026\/\",\"url\":\"https:\/\/oemmespa.com\/es\/about-us-2026\/\",\"name\":\"Sobre nosotros - 2026 - OEMME SPA\",\"isPartOf\":{\"@id\":\"https:\/\/oemmespa.com\/es\/#website\"},\"primaryImageOfPage\":{\"@id\":\"https:\/\/oemmespa.com\/es\/about-us-2026\/#primaryimage\"},\"image\":{\"@id\":\"https:\/\/oemmespa.com\/es\/about-us-2026\/#primaryimage\"},\"thumbnailUrl\":\"https:\/\/oemmespa.com\/wp-content\/uploads\/2026\/02\/team-oemme.jpg\",\"datePublished\":\"2026-02-25T16:51:26+00:00\",\"dateModified\":\"2026-03-11T14:34:00+00:00\",\"breadcrumb\":{\"@id\":\"https:\/\/oemmespa.com\/es\/about-us-2026\/#breadcrumb\"},\"inLanguage\":\"es\",\"potentialAction\":[{\"@type\":\"ReadAction\",\"target\":[\"https:\/\/oemmespa.com\/es\/about-us-2026\/\"]}]},{\"@type\":\"ImageObject\",\"inLanguage\":\"es\",\"@id\":\"https:\/\/oemmespa.com\/es\/about-us-2026\/#primaryimage\",\"url\":\"https:\/\/oemmespa.com\/wp-content\/uploads\/2026\/02\/team-oemme.jpg\",\"contentUrl\":\"https:\/\/oemmespa.com\/wp-content\/uploads\/2026\/02\/team-oemme.jpg\"},{\"@type\":\"BreadcrumbList\",\"@id\":\"https:\/\/oemmespa.com\/es\/about-us-2026\/#breadcrumb\",\"itemListElement\":[{\"@type\":\"ListItem\",\"position\":1,\"name\":\"Home\",\"item\":\"https:\/\/oemmespa.com\/es\/\"},{\"@type\":\"ListItem\",\"position\":2,\"name\":\"Sobre nosotros &#8211; 2026\"}]},{\"@type\":\"WebSite\",\"@id\":\"https:\/\/oemmespa.com\/es\/#website\",\"url\":\"https:\/\/oemmespa.com\/es\/\",\"name\":\"OEMME SPA\",\"description\":\"MACCHINE PER LAVORAZIONE DI SISTEMI IN LEGA LEGGERA\",\"publisher\":{\"@id\":\"https:\/\/oemmespa.com\/es\/#organization\"},\"potentialAction\":[{\"@type\":\"SearchAction\",\"target\":{\"@type\":\"EntryPoint\",\"urlTemplate\":\"https:\/\/oemmespa.com\/es\/?s={search_term_string}\"},\"query-input\":{\"@type\":\"PropertyValueSpecification\",\"valueRequired\":true,\"valueName\":\"search_term_string\"}}],\"inLanguage\":\"es\"},{\"@type\":\"Organization\",\"@id\":\"https:\/\/oemmespa.com\/es\/#organization\",\"name\":\"OEMME SPA\",\"url\":\"https:\/\/oemmespa.com\/es\/\",\"logo\":{\"@type\":\"ImageObject\",\"inLanguage\":\"es\",\"@id\":\"https:\/\/oemmespa.com\/es\/#\/schema\/logo\/image\/\",\"url\":\"https:\/\/oemmespa.com\/wp-content\/uploads\/2026\/03\/Logo-Oemme-Completo.png\",\"contentUrl\":\"https:\/\/oemmespa.com\/wp-content\/uploads\/2026\/03\/Logo-Oemme-Completo.png\",\"width\":2160,\"height\":361,\"caption\":\"OEMME SPA\"},\"image\":{\"@id\":\"https:\/\/oemmespa.com\/es\/#\/schema\/logo\/image\/\"}}]}<\/script>\n<!-- \/ Yoast SEO plugin. -->","yoast_head_json":{"title":"Sobre nosotros - 2026 - OEMME SPA","robots":{"index":"index","follow":"follow","max-snippet":"max-snippet:-1","max-image-preview":"max-image-preview:large","max-video-preview":"max-video-preview:-1"},"canonical":"https:\/\/oemmespa.com\/es\/about-us-2026\/","og_locale":"es_ES","og_type":"article","og_title":"Sobre nosotros - 2026 - OEMME SPA","og_description":"Desde 1978 Dise\u00f1ando el futuro de latecnolog\u00eda de rotura de puente t\u00e9rmico Nacidos en Italia, construidos para el mundo. Qui\u00e9nes somos 1978, Ingenier\u00eda deeficiencia 1978 Fundaci\u00f3n Establecida en Ferrara, Italia 1995 Primera automatizaci\u00f3n L\u00ednea de montaje completamente automatizada 2018 Industria 4.0 Integraci\u00f3n de fabricaci\u00f3n inteligente 2024 Revoluci\u00f3n sin utillaje L\u00ednea de producci\u00f3n sin configuraci\u00f3n Durante [&hellip;]","og_url":"https:\/\/oemmespa.com\/es\/about-us-2026\/","og_site_name":"OEMME SPA","article_modified_time":"2026-03-11T14:34:00+00:00","og_image":[{"url":"https:\/\/oemmespa.com\/wp-content\/uploads\/2026\/02\/team-oemme.jpg","type":"","width":"","height":""}],"twitter_card":"summary_large_image","twitter_misc":{"Tiempo de lectura":"3 minutos"},"schema":{"@context":"https:\/\/schema.org","@graph":[{"@type":"WebPage","@id":"https:\/\/oemmespa.com\/es\/about-us-2026\/","url":"https:\/\/oemmespa.com\/es\/about-us-2026\/","name":"Sobre nosotros - 2026 - OEMME SPA","isPartOf":{"@id":"https:\/\/oemmespa.com\/es\/#website"},"primaryImageOfPage":{"@id":"https:\/\/oemmespa.com\/es\/about-us-2026\/#primaryimage"},"image":{"@id":"https:\/\/oemmespa.com\/es\/about-us-2026\/#primaryimage"},"thumbnailUrl":"https:\/\/oemmespa.com\/wp-content\/uploads\/2026\/02\/team-oemme.jpg","datePublished":"2026-02-25T16:51:26+00:00","dateModified":"2026-03-11T14:34:00+00:00","breadcrumb":{"@id":"https:\/\/oemmespa.com\/es\/about-us-2026\/#breadcrumb"},"inLanguage":"es","potentialAction":[{"@type":"ReadAction","target":["https:\/\/oemmespa.com\/es\/about-us-2026\/"]}]},{"@type":"ImageObject","inLanguage":"es","@id":"https:\/\/oemmespa.com\/es\/about-us-2026\/#primaryimage","url":"https:\/\/oemmespa.com\/wp-content\/uploads\/2026\/02\/team-oemme.jpg","contentUrl":"https:\/\/oemmespa.com\/wp-content\/uploads\/2026\/02\/team-oemme.jpg"},{"@type":"BreadcrumbList","@id":"https:\/\/oemmespa.com\/es\/about-us-2026\/#breadcrumb","itemListElement":[{"@type":"ListItem","position":1,"name":"Home","item":"https:\/\/oemmespa.com\/es\/"},{"@type":"ListItem","position":2,"name":"Sobre nosotros &#8211; 2026"}]},{"@type":"WebSite","@id":"https:\/\/oemmespa.com\/es\/#website","url":"https:\/\/oemmespa.com\/es\/","name":"OEMME SPA","description":"MACCHINE PER LAVORAZIONE DI SISTEMI IN LEGA LEGGERA","publisher":{"@id":"https:\/\/oemmespa.com\/es\/#organization"},"potentialAction":[{"@type":"SearchAction","target":{"@type":"EntryPoint","urlTemplate":"https:\/\/oemmespa.com\/es\/?s={search_term_string}"},"query-input":{"@type":"PropertyValueSpecification","valueRequired":true,"valueName":"search_term_string"}}],"inLanguage":"es"},{"@type":"Organization","@id":"https:\/\/oemmespa.com\/es\/#organization","name":"OEMME SPA","url":"https:\/\/oemmespa.com\/es\/","logo":{"@type":"ImageObject","inLanguage":"es","@id":"https:\/\/oemmespa.com\/es\/#\/schema\/logo\/image\/","url":"https:\/\/oemmespa.com\/wp-content\/uploads\/2026\/03\/Logo-Oemme-Completo.png","contentUrl":"https:\/\/oemmespa.com\/wp-content\/uploads\/2026\/03\/Logo-Oemme-Completo.png","width":2160,"height":361,"caption":"OEMME SPA"},"image":{"@id":"https:\/\/oemmespa.com\/es\/#\/schema\/logo\/image\/"}}]}},"_links":{"self":[{"href":"https:\/\/oemmespa.com\/es\/wp-json\/wp\/v2\/pages\/7305","targetHints":{"allow":["GET"]}}],"collection":[{"href":"https:\/\/oemmespa.com\/es\/wp-json\/wp\/v2\/pages"}],"about":[{"href":"https:\/\/oemmespa.com\/es\/wp-json\/wp\/v2\/types\/page"}],"author":[{"embeddable":true,"href":"https:\/\/oemmespa.com\/es\/wp-json\/wp\/v2\/users\/4"}],"replies":[{"embeddable":true,"href":"https:\/\/oemmespa.com\/es\/wp-json\/wp\/v2\/comments?post=7305"}],"version-history":[{"count":7,"href":"https:\/\/oemmespa.com\/es\/wp-json\/wp\/v2\/pages\/7305\/revisions"}],"predecessor-version":[{"id":9740,"href":"https:\/\/oemmespa.com\/es\/wp-json\/wp\/v2\/pages\/7305\/revisions\/9740"}],"wp:attachment":[{"href":"https:\/\/oemmespa.com\/es\/wp-json\/wp\/v2\/media?parent=7305"}],"curies":[{"name":"wp","href":"https:\/\/api.w.org\/{rel}","templated":true}]}}