{"id":9265,"date":"2026-03-10T14:43:51","date_gmt":"2026-03-10T13:43:51","guid":{"rendered":"https:\/\/oemmespa.com\/politica-de-privacidad\/"},"modified":"2026-03-10T14:43:51","modified_gmt":"2026-03-10T13:43:51","slug":"politica-de-privacidad","status":"publish","type":"page","link":"https:\/\/oemmespa.com\/es\/politica-de-privacidad\/","title":{"rendered":"Pol\u00edtica de privacidad"},"content":{"rendered":"<p style=\"text-align: center;\"><strong>POL\u00cdTICA DE PRIVACIDAD<\/strong><\/p>\n<p>De conformidad con el art. 13 del Reglamento UE 2016\/679 (en adelante, el \u00bbReglamento\u00bb), OEMME S.p.A.,<br \/>\nel Responsable del Tratamiento, te informa de que tus datos ser\u00e1n tratados para los fines y utilizando los m\u00e9todos<br \/>\nse explica a continuaci\u00f3n.<br \/>\nNaturaleza de los datos personales<br \/>\nEl tratamiento implicar\u00e1 datos personales y se limitar\u00e1 a los datos estrictamente pertinentes y funcionales a los fines de la recogida de<br \/>\n.<br \/>\n<strong>Finalidad del tratamiento de datos<\/strong><br \/>\nLos datos se tratar\u00e1n para que el responsable del tratamiento pueda gestionar las solicitudes de asesoramiento del interesado<br \/>\ny\/o presupuestos gratuitos.<br \/>\n<strong>Licitud del tratamiento<\/strong><br \/>\nLa base jur\u00eddica del tratamiento es el consentimiento prestado libremente por el interesado.<br \/>\nEl suministro de datos y las consecuencias de la denegaci\u00f3n del consentimiento<br \/>\nEl suministro de datos es facultativo, pero necesario para gestionar las solicitudes presentadas por el interesado. La negativa a<br \/>\nfacilitar todos o parte de los datos, o el suministro de datos incorrectos o falsos, dar\u00e1 lugar a que el Responsable del Tratamiento<br \/>\nno pueda atender las solicitudes de asesoramiento y\/o presupuestos.<br \/>\n<strong>M\u00e9todos de tratamiento de datos<\/strong><br \/>\nEl tratamiento de datos puede referirse a todas las operaciones mencionadas en el art\u00edculo 4, apartado 1, letra a) del C\u00f3digo de Protecci\u00f3n de Datos<br \/>\ny en el art\u00edculo 4 n. 2) del Reglamento. En todo caso, el tratamiento se basar\u00e1 en los principios<br \/>\nde lealtad, licitud, finalidad, calidad, pertinencia, minimizaci\u00f3n de datos y transparencia.<br \/>\nLos datos personales ser\u00e1n tratados de forma automatizada \u00fanicamente durante el plazo estrictamente necesario para cumplir<br \/>\nlos fines para los que fueron recogidos y ser\u00e1n almacenados en bases de datos electr\u00f3nicas.<br \/>\nLos datos ser\u00e1n tratados directamente por la organizaci\u00f3n del Responsable del Tratamiento y no ser\u00e1n comunicados a<br \/>\nterceros.<br \/>\nEn todo caso, los datos ser\u00e1n tratados aplicando l\u00f3gicas estrictamente ligadas a las finalidades mencionadas y<br \/>\nutilizando m\u00e9todos que garanticen su seguridad y privacidad, adoptando las medidas adecuadas para evitar la<br \/>\nalteraci\u00f3n, supresi\u00f3n, destrucci\u00f3n, acceso no autorizado y tratamiento il\u00edcito o ileg\u00edtimo de los datos.<br \/>\n<strong>Derechos del interesado<\/strong><br \/>\nEn cualquier momento puedes ejercer el derecho a:<br \/>\na) acceder a tus datos personales;<br \/>\nb) rectificar o cancelar tus datos o limitar los fines para los que se pueden tratar los datos;<br \/>\nc) oponerte al tratamiento;<br \/>\nd) portabilidad de datos;<br \/>\ne) revocar tu consentimiento -esto no afectar\u00e1 al tratamiento de datos realizado con anterioridad a la revocaci\u00f3n del consentimiento<br \/>\n;<br \/>\nf) presentar una reclamaci\u00f3n ante la autoridad de control (Autoridad de Protecci\u00f3n de Datos).<br \/>\nTodos los derechos mencionados pueden ejercerse enviando una solicitud por correo electr\u00f3nico a la siguiente direcci\u00f3n:<br \/>\nprivacy@oemmespa.com.<br \/>\n<strong>Duraci\u00f3n del tratamiento y conservaci\u00f3n<\/strong><br \/>\nLos datos personales facilitados voluntariamente por el interesado ser\u00e1n tratados por el Responsable del Tratamiento y<br \/>\nconservados durante un periodo de diez a\u00f1os a partir de la solicitud de asesoramiento y\/o presupuesto, salvo que la ley exija un periodo mayor<br \/>\no para ejercer el derecho de defensa del Responsable del Tratamiento ante los tribunales.<br \/>\n<strong>Responsable del tratamiento<\/strong><br \/>\nEl Responsable del tratamiento es OEMME S.p.A., con domicilio social en Via F. L. Ferrari, 23, 44122 Ferrara, Italia,<br \/>\ncorreo electr\u00f3nico: privacy@oemmespa.com.<\/p>\n","protected":false},"excerpt":{"rendered":"<p>POL\u00cdTICA DE PRIVACIDAD De conformidad con el art. 13 del Reglamento UE 2016\/679 (en adelante, el \u00bbReglamento\u00bb), OEMME S.p.A., el Responsable del Tratamiento, te informa de que tus datos ser\u00e1n tratados para los fines y utilizando los m\u00e9todos se explica a continuaci\u00f3n. Naturaleza de los datos personales El tratamiento implicar\u00e1 datos personales y se limitar\u00e1 [&hellip;]<\/p>\n","protected":false},"author":2,"featured_media":0,"parent":0,"menu_order":0,"comment_status":"closed","ping_status":"closed","template":"","meta":{"footnotes":""},"class_list":["post-9265","page","type-page","status-publish","hentry"],"yoast_head":"<!-- This site is optimized with the Yoast SEO plugin v27.2 - https:\/\/yoast.com\/product\/yoast-seo-wordpress\/ -->\n<title>Pol\u00edtica de privacidad - OEMME SPA<\/title>\n<meta name=\"robots\" content=\"index, follow, max-snippet:-1, max-image-preview:large, max-video-preview:-1\" \/>\n<link rel=\"canonical\" href=\"https:\/\/oemmespa.com\/es\/politica-de-privacidad\/\" \/>\n<meta property=\"og:locale\" content=\"es_ES\" \/>\n<meta property=\"og:type\" content=\"article\" \/>\n<meta property=\"og:title\" content=\"Pol\u00edtica de privacidad - OEMME SPA\" \/>\n<meta property=\"og:description\" content=\"POL\u00cdTICA DE PRIVACIDAD De conformidad con el art. 13 del Reglamento UE 2016\/679 (en adelante, el \u00bbReglamento\u00bb), OEMME S.p.A., el Responsable del Tratamiento, te informa de que tus datos ser\u00e1n tratados para los fines y utilizando los m\u00e9todos se explica a continuaci\u00f3n. Naturaleza de los datos personales El tratamiento implicar\u00e1 datos personales y se limitar\u00e1 [&hellip;]\" \/>\n<meta property=\"og:url\" content=\"https:\/\/oemmespa.com\/es\/politica-de-privacidad\/\" \/>\n<meta property=\"og:site_name\" content=\"OEMME SPA\" \/>\n<meta name=\"twitter:card\" content=\"summary_large_image\" \/>\n<meta name=\"twitter:label1\" content=\"Tiempo de lectura\" \/>\n\t<meta name=\"twitter:data1\" content=\"3 minutos\" \/>\n<script type=\"application\/ld+json\" class=\"yoast-schema-graph\">{\"@context\":\"https:\/\/schema.org\",\"@graph\":[{\"@type\":\"WebPage\",\"@id\":\"https:\/\/oemmespa.com\/es\/politica-de-privacidad\/\",\"url\":\"https:\/\/oemmespa.com\/es\/politica-de-privacidad\/\",\"name\":\"Pol\u00edtica de privacidad - OEMME SPA\",\"isPartOf\":{\"@id\":\"https:\/\/oemmespa.com\/es\/#website\"},\"datePublished\":\"2026-03-10T13:43:51+00:00\",\"breadcrumb\":{\"@id\":\"https:\/\/oemmespa.com\/es\/politica-de-privacidad\/#breadcrumb\"},\"inLanguage\":\"es\",\"potentialAction\":[{\"@type\":\"ReadAction\",\"target\":[\"https:\/\/oemmespa.com\/es\/politica-de-privacidad\/\"]}]},{\"@type\":\"BreadcrumbList\",\"@id\":\"https:\/\/oemmespa.com\/es\/politica-de-privacidad\/#breadcrumb\",\"itemListElement\":[{\"@type\":\"ListItem\",\"position\":1,\"name\":\"Home\",\"item\":\"https:\/\/oemmespa.com\/es\/\"},{\"@type\":\"ListItem\",\"position\":2,\"name\":\"Pol\u00edtica de privacidad\"}]},{\"@type\":\"WebSite\",\"@id\":\"https:\/\/oemmespa.com\/es\/#website\",\"url\":\"https:\/\/oemmespa.com\/es\/\",\"name\":\"OEMME SPA\",\"description\":\"MACCHINE PER LAVORAZIONE DI SISTEMI IN LEGA LEGGERA\",\"publisher\":{\"@id\":\"https:\/\/oemmespa.com\/es\/#organization\"},\"potentialAction\":[{\"@type\":\"SearchAction\",\"target\":{\"@type\":\"EntryPoint\",\"urlTemplate\":\"https:\/\/oemmespa.com\/es\/?s={search_term_string}\"},\"query-input\":{\"@type\":\"PropertyValueSpecification\",\"valueRequired\":true,\"valueName\":\"search_term_string\"}}],\"inLanguage\":\"es\"},{\"@type\":\"Organization\",\"@id\":\"https:\/\/oemmespa.com\/es\/#organization\",\"name\":\"OEMME SPA\",\"url\":\"https:\/\/oemmespa.com\/es\/\",\"logo\":{\"@type\":\"ImageObject\",\"inLanguage\":\"es\",\"@id\":\"https:\/\/oemmespa.com\/es\/#\/schema\/logo\/image\/\",\"url\":\"https:\/\/oemmespa.com\/wp-content\/uploads\/2026\/03\/Logo-Oemme-Completo.png\",\"contentUrl\":\"https:\/\/oemmespa.com\/wp-content\/uploads\/2026\/03\/Logo-Oemme-Completo.png\",\"width\":2160,\"height\":361,\"caption\":\"OEMME SPA\"},\"image\":{\"@id\":\"https:\/\/oemmespa.com\/es\/#\/schema\/logo\/image\/\"}}]}<\/script>\n<!-- \/ Yoast SEO plugin. -->","yoast_head_json":{"title":"Pol\u00edtica de privacidad - OEMME SPA","robots":{"index":"index","follow":"follow","max-snippet":"max-snippet:-1","max-image-preview":"max-image-preview:large","max-video-preview":"max-video-preview:-1"},"canonical":"https:\/\/oemmespa.com\/es\/politica-de-privacidad\/","og_locale":"es_ES","og_type":"article","og_title":"Pol\u00edtica de privacidad - OEMME SPA","og_description":"POL\u00cdTICA DE PRIVACIDAD De conformidad con el art. 13 del Reglamento UE 2016\/679 (en adelante, el \u00bbReglamento\u00bb), OEMME S.p.A., el Responsable del Tratamiento, te informa de que tus datos ser\u00e1n tratados para los fines y utilizando los m\u00e9todos se explica a continuaci\u00f3n. Naturaleza de los datos personales El tratamiento implicar\u00e1 datos personales y se limitar\u00e1 [&hellip;]","og_url":"https:\/\/oemmespa.com\/es\/politica-de-privacidad\/","og_site_name":"OEMME SPA","twitter_card":"summary_large_image","twitter_misc":{"Tiempo de lectura":"3 minutos"},"schema":{"@context":"https:\/\/schema.org","@graph":[{"@type":"WebPage","@id":"https:\/\/oemmespa.com\/es\/politica-de-privacidad\/","url":"https:\/\/oemmespa.com\/es\/politica-de-privacidad\/","name":"Pol\u00edtica de privacidad - OEMME SPA","isPartOf":{"@id":"https:\/\/oemmespa.com\/es\/#website"},"datePublished":"2026-03-10T13:43:51+00:00","breadcrumb":{"@id":"https:\/\/oemmespa.com\/es\/politica-de-privacidad\/#breadcrumb"},"inLanguage":"es","potentialAction":[{"@type":"ReadAction","target":["https:\/\/oemmespa.com\/es\/politica-de-privacidad\/"]}]},{"@type":"BreadcrumbList","@id":"https:\/\/oemmespa.com\/es\/politica-de-privacidad\/#breadcrumb","itemListElement":[{"@type":"ListItem","position":1,"name":"Home","item":"https:\/\/oemmespa.com\/es\/"},{"@type":"ListItem","position":2,"name":"Pol\u00edtica de privacidad"}]},{"@type":"WebSite","@id":"https:\/\/oemmespa.com\/es\/#website","url":"https:\/\/oemmespa.com\/es\/","name":"OEMME SPA","description":"MACCHINE PER LAVORAZIONE DI SISTEMI IN LEGA LEGGERA","publisher":{"@id":"https:\/\/oemmespa.com\/es\/#organization"},"potentialAction":[{"@type":"SearchAction","target":{"@type":"EntryPoint","urlTemplate":"https:\/\/oemmespa.com\/es\/?s={search_term_string}"},"query-input":{"@type":"PropertyValueSpecification","valueRequired":true,"valueName":"search_term_string"}}],"inLanguage":"es"},{"@type":"Organization","@id":"https:\/\/oemmespa.com\/es\/#organization","name":"OEMME SPA","url":"https:\/\/oemmespa.com\/es\/","logo":{"@type":"ImageObject","inLanguage":"es","@id":"https:\/\/oemmespa.com\/es\/#\/schema\/logo\/image\/","url":"https:\/\/oemmespa.com\/wp-content\/uploads\/2026\/03\/Logo-Oemme-Completo.png","contentUrl":"https:\/\/oemmespa.com\/wp-content\/uploads\/2026\/03\/Logo-Oemme-Completo.png","width":2160,"height":361,"caption":"OEMME SPA"},"image":{"@id":"https:\/\/oemmespa.com\/es\/#\/schema\/logo\/image\/"}}]}},"_links":{"self":[{"href":"https:\/\/oemmespa.com\/es\/wp-json\/wp\/v2\/pages\/9265","targetHints":{"allow":["GET"]}}],"collection":[{"href":"https:\/\/oemmespa.com\/es\/wp-json\/wp\/v2\/pages"}],"about":[{"href":"https:\/\/oemmespa.com\/es\/wp-json\/wp\/v2\/types\/page"}],"author":[{"embeddable":true,"href":"https:\/\/oemmespa.com\/es\/wp-json\/wp\/v2\/users\/2"}],"replies":[{"embeddable":true,"href":"https:\/\/oemmespa.com\/es\/wp-json\/wp\/v2\/comments?post=9265"}],"version-history":[{"count":0,"href":"https:\/\/oemmespa.com\/es\/wp-json\/wp\/v2\/pages\/9265\/revisions"}],"wp:attachment":[{"href":"https:\/\/oemmespa.com\/es\/wp-json\/wp\/v2\/media?parent=9265"}],"curies":[{"name":"wp","href":"https:\/\/api.w.org\/{rel}","templated":true}]}}