{"id":9287,"date":"2026-03-10T14:44:07","date_gmt":"2026-03-10T13:44:07","guid":{"rendered":"https:\/\/oemmespa.com\/politica-de-privacidad-2\/"},"modified":"2026-03-10T14:44:21","modified_gmt":"2026-03-10T13:44:21","slug":"politica-de-privacidad-2","status":"publish","type":"page","link":"https:\/\/oemmespa.com\/es\/politica-de-privacidad-2\/","title":{"rendered":"Pol\u00edtica de privacidad"},"content":{"rendered":"<p><strong>POL\u00cdTICA DE PRIVACIDAD<\/strong><\/p>\n<p>De conformidad con el art. 13 del Reglamento UE 2016\/679 (en adelante, el \u00bbReglamento\u00bb), OEMME S.p.A.,<br \/>\nel Responsable del Tratamiento, te informa de que tus datos ser\u00e1n tratados con las finalidades y utilizando los m\u00e9todos<br \/>\nque se explican a continuaci\u00f3n.<br \/>\n<strong>Naturaleza de los datos personales<\/strong><br \/>\nEl tratamiento implicar\u00e1 datos personales y se limitar\u00e1 a los datos estrictamente pertinentes y funcionales a los fines de la recogida de<br \/>\n.<br \/>\n<strong>Finalidad del tratamiento de los datos<\/strong><br \/>\nLos datos se tratar\u00e1n para que el responsable del tratamiento pueda realizar las intervenciones de mantenimiento y\/o asistencia<br \/>\nen la m\u00e1quina que solicite el interesado.<br \/>\n<strong>Licitud del tratamiento<\/strong><br \/>\nLa base jur\u00eddica del tratamiento es el contrato.<br \/>\nSuministro de datos y consecuencias de la denegaci\u00f3n del consentimiento<br \/>\nEl suministro de datos es opcional. La negativa a facilitar los datos tendr\u00e1 como consecuencia la imposibilidad del Responsable del Tratamiento de ofrecer a<br \/>\nla asistencia solicitada.<br \/>\n<strong>M\u00e9todos de tratamiento de datos<\/strong><br \/>\nEl tratamiento de datos puede referirse a todas las operaciones mencionadas en el art\u00edculo 4 n. 2), del Reglamento. En cualquier caso, el tratamiento<br \/>\nse basar\u00e1 en los principios de lealtad, licitud, finalidad, calidad, pertinencia, minimizaci\u00f3n de datos<br \/>\ny transparencia.<br \/>\nLos datos personales se tratar\u00e1n en formato automatizado o en papel s\u00f3lo durante el periodo de tiempo estrictamente necesario<br \/>\npara cumplir los fines para los que se recogieron.<br \/>\nLos datos se almacenar\u00e1n en bases de datos electr\u00f3nicas.<br \/>\nEl tratamiento se llevar\u00e1 a cabo directamente por la organizaci\u00f3n del Responsable del Tratamiento.<br \/>\nLos datos podr\u00e1n ser comunicados a terceros, tales como distribuidores y\/o concesionarios de maquinaria, as\u00ed como a<br \/>\norganismos con los que el Responsable del Tratamiento haya establecido una colaboraci\u00f3n t\u00e9cnica o comercial.<br \/>\nEn todo caso, los datos ser\u00e1n tratados aplicando l\u00f3gicas estrictamente ligadas a las finalidades mencionadas y<br \/>\nutilizando m\u00e9todos que garanticen su seguridad y privacidad, adoptando las medidas adecuadas para evitar la<br \/>\nalteraci\u00f3n, supresi\u00f3n, destrucci\u00f3n, acceso no autorizado y tratamiento il\u00edcito o ileg\u00edtimo de los datos.<br \/>\n<strong>Derechos del interesado<\/strong><br \/>\nEn cualquier momento puedes ejercer el derecho a:<br \/>\na) acceder a tus datos personales;<br \/>\nb) rectificar o cancelar tus datos o limitar los fines para los que se pueden tratar los datos;<br \/>\nc) oponerte al tratamiento;<br \/>\nd) portabilidad de datos;<br \/>\ne) revocar tu consentimiento -esto no afectar\u00e1 al tratamiento de datos realizado con anterioridad a la revocaci\u00f3n del consentimiento<br \/>\n;<br \/>\nf) presentar una reclamaci\u00f3n ante la autoridad de control (Autoridad de Protecci\u00f3n de Datos).<br \/>\nTodos los derechos mencionados pueden ejercerse enviando una solicitud por correo electr\u00f3nico a la siguiente direcci\u00f3n:<br \/>\nprivacy@oemmespa.com.<br \/>\n<strong>Duraci\u00f3n del tratamiento y conservaci\u00f3n<\/strong><br \/>\nLos datos personales facilitados voluntariamente por el interesado ser\u00e1n tratados por el Responsable del Tratamiento durante<br \/>\ntoda la duraci\u00f3n del servicio de asistencia y conservados durante un plazo de diez a\u00f1os a partir de la fecha de la \u00faltima intervenci\u00f3n<br \/>\n, salvo que la ley exija un plazo mayor o para ejercer el derecho de defensa<br \/>\ndel Responsable del Tratamiento ante los tribunales.<br \/>\n<strong>Responsable del tratamiento<\/strong><br \/>\nEl Responsable del tratamiento es OEMME S.p.A., con domicilio social en Via F. L. Ferrari, 23, 44122 Ferrara, Italia,<br \/>\ncorreo electr\u00f3nico: privacy@oemmespa.com.<\/p>\n","protected":false},"excerpt":{"rendered":"<p>POL\u00cdTICA DE PRIVACIDAD De conformidad con el art. 13 del Reglamento UE 2016\/679 (en adelante, el \u00bbReglamento\u00bb), OEMME S.p.A., el Responsable del Tratamiento, te informa de que tus datos ser\u00e1n tratados con las finalidades y utilizando los m\u00e9todos que se explican a continuaci\u00f3n. Naturaleza de los datos personales El tratamiento implicar\u00e1 datos personales y se [&hellip;]<\/p>\n","protected":false},"author":2,"featured_media":0,"parent":0,"menu_order":0,"comment_status":"closed","ping_status":"closed","template":"","meta":{"footnotes":""},"class_list":["post-9287","page","type-page","status-publish","hentry"],"yoast_head":"<!-- This site is optimized with the Yoast SEO plugin v27.2 - https:\/\/yoast.com\/product\/yoast-seo-wordpress\/ -->\n<title>Pol\u00edtica de privacidad - OEMME SPA<\/title>\n<meta name=\"robots\" content=\"index, follow, max-snippet:-1, max-image-preview:large, max-video-preview:-1\" \/>\n<link rel=\"canonical\" href=\"https:\/\/oemmespa.com\/es\/politica-de-privacidad-2\/\" \/>\n<meta property=\"og:locale\" content=\"es_ES\" \/>\n<meta property=\"og:type\" content=\"article\" \/>\n<meta property=\"og:title\" content=\"Pol\u00edtica de privacidad - OEMME SPA\" \/>\n<meta property=\"og:description\" content=\"POL\u00cdTICA DE PRIVACIDAD De conformidad con el art. 13 del Reglamento UE 2016\/679 (en adelante, el \u00bbReglamento\u00bb), OEMME S.p.A., el Responsable del Tratamiento, te informa de que tus datos ser\u00e1n tratados con las finalidades y utilizando los m\u00e9todos que se explican a continuaci\u00f3n. Naturaleza de los datos personales El tratamiento implicar\u00e1 datos personales y se [&hellip;]\" \/>\n<meta property=\"og:url\" content=\"https:\/\/oemmespa.com\/es\/politica-de-privacidad-2\/\" \/>\n<meta property=\"og:site_name\" content=\"OEMME SPA\" \/>\n<meta property=\"article:modified_time\" content=\"2026-03-10T13:44:21+00:00\" \/>\n<meta name=\"twitter:card\" content=\"summary_large_image\" \/>\n<meta name=\"twitter:label1\" content=\"Tiempo de lectura\" \/>\n\t<meta name=\"twitter:data1\" content=\"3 minutos\" \/>\n<script type=\"application\/ld+json\" class=\"yoast-schema-graph\">{\"@context\":\"https:\/\/schema.org\",\"@graph\":[{\"@type\":\"WebPage\",\"@id\":\"https:\/\/oemmespa.com\/es\/politica-de-privacidad-2\/\",\"url\":\"https:\/\/oemmespa.com\/es\/politica-de-privacidad-2\/\",\"name\":\"Pol\u00edtica de privacidad - OEMME SPA\",\"isPartOf\":{\"@id\":\"https:\/\/oemmespa.com\/es\/#website\"},\"datePublished\":\"2026-03-10T13:44:07+00:00\",\"dateModified\":\"2026-03-10T13:44:21+00:00\",\"breadcrumb\":{\"@id\":\"https:\/\/oemmespa.com\/es\/politica-de-privacidad-2\/#breadcrumb\"},\"inLanguage\":\"es\",\"potentialAction\":[{\"@type\":\"ReadAction\",\"target\":[\"https:\/\/oemmespa.com\/es\/politica-de-privacidad-2\/\"]}]},{\"@type\":\"BreadcrumbList\",\"@id\":\"https:\/\/oemmespa.com\/es\/politica-de-privacidad-2\/#breadcrumb\",\"itemListElement\":[{\"@type\":\"ListItem\",\"position\":1,\"name\":\"Home\",\"item\":\"https:\/\/oemmespa.com\/es\/\"},{\"@type\":\"ListItem\",\"position\":2,\"name\":\"Pol\u00edtica de privacidad\"}]},{\"@type\":\"WebSite\",\"@id\":\"https:\/\/oemmespa.com\/es\/#website\",\"url\":\"https:\/\/oemmespa.com\/es\/\",\"name\":\"OEMME SPA\",\"description\":\"MACCHINE PER LAVORAZIONE DI SISTEMI IN LEGA LEGGERA\",\"publisher\":{\"@id\":\"https:\/\/oemmespa.com\/es\/#organization\"},\"potentialAction\":[{\"@type\":\"SearchAction\",\"target\":{\"@type\":\"EntryPoint\",\"urlTemplate\":\"https:\/\/oemmespa.com\/es\/?s={search_term_string}\"},\"query-input\":{\"@type\":\"PropertyValueSpecification\",\"valueRequired\":true,\"valueName\":\"search_term_string\"}}],\"inLanguage\":\"es\"},{\"@type\":\"Organization\",\"@id\":\"https:\/\/oemmespa.com\/es\/#organization\",\"name\":\"OEMME SPA\",\"url\":\"https:\/\/oemmespa.com\/es\/\",\"logo\":{\"@type\":\"ImageObject\",\"inLanguage\":\"es\",\"@id\":\"https:\/\/oemmespa.com\/es\/#\/schema\/logo\/image\/\",\"url\":\"https:\/\/oemmespa.com\/wp-content\/uploads\/2026\/03\/Logo-Oemme-Completo.png\",\"contentUrl\":\"https:\/\/oemmespa.com\/wp-content\/uploads\/2026\/03\/Logo-Oemme-Completo.png\",\"width\":2160,\"height\":361,\"caption\":\"OEMME SPA\"},\"image\":{\"@id\":\"https:\/\/oemmespa.com\/es\/#\/schema\/logo\/image\/\"}}]}<\/script>\n<!-- \/ Yoast SEO plugin. -->","yoast_head_json":{"title":"Pol\u00edtica de privacidad - OEMME SPA","robots":{"index":"index","follow":"follow","max-snippet":"max-snippet:-1","max-image-preview":"max-image-preview:large","max-video-preview":"max-video-preview:-1"},"canonical":"https:\/\/oemmespa.com\/es\/politica-de-privacidad-2\/","og_locale":"es_ES","og_type":"article","og_title":"Pol\u00edtica de privacidad - OEMME SPA","og_description":"POL\u00cdTICA DE PRIVACIDAD De conformidad con el art. 13 del Reglamento UE 2016\/679 (en adelante, el \u00bbReglamento\u00bb), OEMME S.p.A., el Responsable del Tratamiento, te informa de que tus datos ser\u00e1n tratados con las finalidades y utilizando los m\u00e9todos que se explican a continuaci\u00f3n. Naturaleza de los datos personales El tratamiento implicar\u00e1 datos personales y se [&hellip;]","og_url":"https:\/\/oemmespa.com\/es\/politica-de-privacidad-2\/","og_site_name":"OEMME SPA","article_modified_time":"2026-03-10T13:44:21+00:00","twitter_card":"summary_large_image","twitter_misc":{"Tiempo de lectura":"3 minutos"},"schema":{"@context":"https:\/\/schema.org","@graph":[{"@type":"WebPage","@id":"https:\/\/oemmespa.com\/es\/politica-de-privacidad-2\/","url":"https:\/\/oemmespa.com\/es\/politica-de-privacidad-2\/","name":"Pol\u00edtica de privacidad - OEMME SPA","isPartOf":{"@id":"https:\/\/oemmespa.com\/es\/#website"},"datePublished":"2026-03-10T13:44:07+00:00","dateModified":"2026-03-10T13:44:21+00:00","breadcrumb":{"@id":"https:\/\/oemmespa.com\/es\/politica-de-privacidad-2\/#breadcrumb"},"inLanguage":"es","potentialAction":[{"@type":"ReadAction","target":["https:\/\/oemmespa.com\/es\/politica-de-privacidad-2\/"]}]},{"@type":"BreadcrumbList","@id":"https:\/\/oemmespa.com\/es\/politica-de-privacidad-2\/#breadcrumb","itemListElement":[{"@type":"ListItem","position":1,"name":"Home","item":"https:\/\/oemmespa.com\/es\/"},{"@type":"ListItem","position":2,"name":"Pol\u00edtica de privacidad"}]},{"@type":"WebSite","@id":"https:\/\/oemmespa.com\/es\/#website","url":"https:\/\/oemmespa.com\/es\/","name":"OEMME SPA","description":"MACCHINE PER LAVORAZIONE DI SISTEMI IN LEGA LEGGERA","publisher":{"@id":"https:\/\/oemmespa.com\/es\/#organization"},"potentialAction":[{"@type":"SearchAction","target":{"@type":"EntryPoint","urlTemplate":"https:\/\/oemmespa.com\/es\/?s={search_term_string}"},"query-input":{"@type":"PropertyValueSpecification","valueRequired":true,"valueName":"search_term_string"}}],"inLanguage":"es"},{"@type":"Organization","@id":"https:\/\/oemmespa.com\/es\/#organization","name":"OEMME SPA","url":"https:\/\/oemmespa.com\/es\/","logo":{"@type":"ImageObject","inLanguage":"es","@id":"https:\/\/oemmespa.com\/es\/#\/schema\/logo\/image\/","url":"https:\/\/oemmespa.com\/wp-content\/uploads\/2026\/03\/Logo-Oemme-Completo.png","contentUrl":"https:\/\/oemmespa.com\/wp-content\/uploads\/2026\/03\/Logo-Oemme-Completo.png","width":2160,"height":361,"caption":"OEMME SPA"},"image":{"@id":"https:\/\/oemmespa.com\/es\/#\/schema\/logo\/image\/"}}]}},"_links":{"self":[{"href":"https:\/\/oemmespa.com\/es\/wp-json\/wp\/v2\/pages\/9287","targetHints":{"allow":["GET"]}}],"collection":[{"href":"https:\/\/oemmespa.com\/es\/wp-json\/wp\/v2\/pages"}],"about":[{"href":"https:\/\/oemmespa.com\/es\/wp-json\/wp\/v2\/types\/page"}],"author":[{"embeddable":true,"href":"https:\/\/oemmespa.com\/es\/wp-json\/wp\/v2\/users\/2"}],"replies":[{"embeddable":true,"href":"https:\/\/oemmespa.com\/es\/wp-json\/wp\/v2\/comments?post=9287"}],"version-history":[{"count":1,"href":"https:\/\/oemmespa.com\/es\/wp-json\/wp\/v2\/pages\/9287\/revisions"}],"predecessor-version":[{"id":9315,"href":"https:\/\/oemmespa.com\/es\/wp-json\/wp\/v2\/pages\/9287\/revisions\/9315"}],"wp:attachment":[{"href":"https:\/\/oemmespa.com\/es\/wp-json\/wp\/v2\/media?parent=9287"}],"curies":[{"name":"wp","href":"https:\/\/api.w.org\/{rel}","templated":true}]}}