{"id":9089,"date":"2026-03-10T14:42:33","date_gmt":"2026-03-10T13:42:33","guid":{"rendered":"https:\/\/oemmespa.com\/machines-a-scier-a-tete-unique\/"},"modified":"2026-03-10T14:42:33","modified_gmt":"2026-03-10T13:42:33","slug":"machines-a-scier-a-tete-unique","status":"publish","type":"page","link":"https:\/\/oemmespa.com\/fr\/machines-a-scier-a-tete-unique\/","title":{"rendered":"Machines \u00e0 scier \u00e0 t\u00eate unique"},"content":{"rendered":"\t\t<div data-elementor-type=\"wp-page\" data-elementor-id=\"9089\" class=\"elementor elementor-9089 elementor-7627\" data-elementor-post-type=\"page\">\n\t\t\t\t<div class=\"elementor-element elementor-element-7d5c9fe e-con-full e-flex e-con e-parent\" data-id=\"7d5c9fe\" data-element_type=\"container\" data-e-type=\"container\" data-settings=\"{&quot;background_background&quot;:&quot;classic&quot;}\">\n\t\t\t\t<div class=\"elementor-element elementor-element-5db5410 elementor-widget__width-initial elementor-widget elementor-widget-html\" data-id=\"5db5410\" data-element_type=\"widget\" data-e-type=\"widget\" data-widget_type=\"html.default\">\n\t\t\t\t\t<style>@import url('https:\/\/fonts.googleapis.com\/css2?family=Montserrat:wght@200;300;400;500;600;700&display=swap');\n\n.shs-page { font-family: 'Montserrat', sans-serif; background: #121212; color: #f5f5f5; padding: 0; margin: 0; }\n.shs-page * { box-sizing: border-box; margin: 0; padding: 0; }\n.shs-page a, .shs-page a:hover, .shs-page a:visited, .shs-page a:active, .shs-page a:focus { text-decoration: none !important; color: inherit !important; border: none !important; outline: none !important; box-shadow: none !important; }\n\n.shs-container { max-width: 1200px; margin: 0 auto; padding: 6rem 24px 60px; }\n\n.shs-badge { display: inline-flex; align-items: center; gap: 12px; margin-bottom: 16px; }\n.shs-badge-icon { width: 40px; height: 40px; border-radius: 8px; background: rgba(57,145,90,0.1); display: flex; align-items: center; justify-content: center; }\n.shs-badge-icon svg { width: 20px; height: 20px; color: #39915A; }\n.shs-badge-text { color: #39915A; font-weight: 500; letter-spacing: 0.15em; font-size: 0.75rem; text-transform: uppercase; }\n\n.shs-title { font-size: 2.5rem; font-weight: 700; color: #f5f5f5; line-height: 1.2; margin-bottom: 16px; }\n@media (min-width: 768px) { .shs-title { font-size: 3rem; } }\n.shs-title span { color: #39915A; }\n\n.shs-subtitle { color: #999; font-size: 1.1rem; max-width: 640px; line-height: 1.7; margin-bottom: 48px; }\n\n.shs-grid { display: grid; grid-template-columns: 1fr; gap: 32px; }\n@media (min-width: 640px) { .shs-grid { grid-template-columns: 1fr 1fr; } }\n@media (min-width: 1024px) { .shs-grid { grid-template-columns: 1fr 1fr 1fr 1fr; } }\n\n.shs-card { display: block; background: rgba(255,255,255,0.02); border: 1px solid rgba(255,255,255,0.08); overflow: hidden; transition: all 0.5s ease; }\n.shs-card:hover { border-color: rgba(57,145,90,0.5); background: rgba(255,255,255,0.04); }\n\n.shs-card-img { position: relative; height: 224px; overflow: hidden; background: #1a1a1a; }\n.shs-card-img img { width: 100%; height: 100%; object-fit: contain; transition: transform 0.7s ease; padding: 12px; }\n.shs-card:hover .shs-card-img img { transform: scale(1.05); }\n.shs-card-img-overlay { position: absolute; inset: 0; background: linear-gradient(to top, rgba(57,145,90,0.1), transparent, transparent); opacity: 0; transition: opacity 0.5s; pointer-events: none; }\n.shs-card:hover .shs-card-img-overlay { opacity: 1; }\n\n.shs-card-body { padding: 20px; border-top: 1px solid rgba(255,255,255,0.08); }\n.shs-card-cat { font-size: 0.7rem; color: #39915A; font-weight: 500; letter-spacing: 0.15em; text-transform: uppercase; margin-bottom: 8px; }\n.shs-card-name { font-size: 1.1rem; font-weight: 700; color: #f5f5f5; margin-bottom: 8px; transition: color 0.3s; }\n.shs-card:hover .shs-card-name { color: #39915A; }\n.shs-card-desc { color: #999; font-size: 0.85rem; line-height: 1.6; margin-bottom: 16px; display: -webkit-box; -webkit-line-clamp: 3; -webkit-box-orient: vertical; overflow: hidden; }\n\n.shs-card-link { display: inline-flex; align-items: center; gap: 8px; color: #39915A !important; font-size: 0.8rem; font-weight: 600; letter-spacing: 0.1em; text-transform: uppercase; }\n.shs-card-link svg { width: 16px; height: 16px; transition: transform 0.3s; }\n.shs-card:hover .shs-card-link svg { transform: translateX(8px); }\n\n@keyframes shs-fadeUp { 0% { opacity: 0; transform: translateY(48px); } 100% { opacity: 1; transform: translateY(0); } }\n.shs-animate { opacity: 0; animation: shs-fadeUp 0.8s ease forwards; }\n.shs-d1 { animation-delay: 0s; }\n.shs-d2 { animation-delay: 0.1s; }\n.shs-d3 { animation-delay: 0.2s; }\n.shs-d4 { animation-delay: 0.3s; }\n.shs-d5 { animation-delay: 0.4s; }\n.shs-d6 { animation-delay: 0.5s; }\n.shs-d7 { animation-delay: 0.6s; }\n<\/style><div class=\"shs-page\"><div class=\"shs-container\"><!-- Badge --><div class=\"shs-badge\"><div class=\"shs-badge-icon\"><svg xmlns=\"http:\/\/www.w3.org\/2000\/svg\" viewBox=\"0 0 24 24\" fill=\"none\" stroke=\"currentColor\" stroke-width=\"2\" stroke-linecap=\"round\" stroke-linejoin=\"round\"><circle cx=\"12\" cy=\"12\" r=\"3\"\/><path d=\"M19.4 15a1.65 1.65 0 0 0 .33 1.82l.06.06a2 2 0 0 1-2.83 2.83l-.06-.06a1.65 1.65 0 0 0-1.82-.33 1.65 1.65 0 0 0-1 1.51V21a2 2 0 0 1-4 0v-.09A1.65 1.65 0 0 0 9 19.4a1.65 1.65 0 0 0-1.82.33l-.06.06a2 2 0 0 1-2.83-2.83l.06-.06A1.65 1.65 0 0 0 4.68 15a1.65 1.65 0 0 0-1.51-1H3a2 2 0 0 1 0-4h.09A1.65 1.65 0 0 0 4.6 9a1.65 1.65 0 0 0-.33-1.82l-.06-.06a2 2 0 0 1 2.83-2.83l.06.06A1.65 1.65 0 0 0 9 4.68a1.65 1.65 0 0 0 1-1.51V3a2 2 0 0 1 4 0v.09a1.65 1.65 0 0 0 1 1.51 1.65 1.65 0 0 0 1.82-.33l.06-.06a2 2 0 0 1 2.83 2.83l-.06.06A1.65 1.65 0 0 0 19.4 9a1.65 1.65 0 0 0 1.51 1H21a2 2 0 0 1 0 4h-.09a1.65 1.65 0 0 0-1.51 1z\"\/><\/svg><\/div><span class=\"shs-badge-text\">Light-Alloy Systems<\/span><\/div><!-- Title --><div class=\"shs-title\">Single Head Sawing <span>Machines<\/span><\/div><div class=\"shs-subtitle\">Versatile single-head cutting systems for precise aluminum profile processing with various blade configurations.<\/div><!-- Grid --><div class=\"shs-grid\"><a href=\"https:\/\/oemmespa.com\/en\/sh-500-f-sh-550-f\/\" class=\"shs-card shs-animate shs-d1\"><div class=\"shs-card-img\"><img decoding=\"async\" src=\"http:\/\/oemmespa.com\/wp-content\/uploads\/2026\/02\/SH-500-F.jpg\" alt=\"SH 500 F \u2013 SH 550 F\" \/><div class=\"shs-card-img-overlay\"><\/div><\/div><div class=\"shs-card-body\"><div class=\"shs-card-cat\">Single Head Sawing Machine<\/div><div class=\"shs-card-name\">SH 500 F \u2013 SH 550 F<\/div><div class=\"shs-card-desc\">Single head sawing machine with frontal blade feed, blade \u00d8500\/550 mm, pneumatic head tilting \u2013 45\u00b0 \/ 0\u00b0 \/ +45\u00b0 up to 22,5 on the right with manual adjustment at intermediate degrees by means of mechanical stops<\/div><div class=\"shs-card-link\">View Details <svg xmlns=\"http:\/\/www.w3.org\/2000\/svg\" viewBox=\"0 0 24 24\" fill=\"none\" stroke=\"currentColor\" stroke-width=\"2\" stroke-linecap=\"round\" stroke-linejoin=\"round\"><path d=\"M5 12h14\"\/><path d=\"m12 5 7 7-7 7\"\/><\/svg><\/div><\/div><\/a><a href=\"https:\/\/oemmespa.com\/en\/sh-400-mr\/\" class=\"shs-card shs-animate shs-d2\"><div class=\"shs-card-img\"><img decoding=\"async\" src=\"http:\/\/oemmespa.com\/wp-content\/uploads\/2026\/02\/SH-400-MR.jpg\" alt=\"SH 400 MR\" \/><div class=\"shs-card-img-overlay\"><\/div><\/div><div class=\"shs-card-body\"><div class=\"shs-card-cat\">Single Head Sawing Machine<\/div><div class=\"shs-card-name\">SH 400 MR<\/div><div class=\"shs-card-desc\">Single head sawing machine with ascending blade with manual blade feeding by means of a balance system for effort reduction, blade \u00d8400 mm and manual adjustment head rotation with mechanical locking device from 22,5\u00b0 left and 0\u00b0 right<\/div><div class=\"shs-card-link\">View Details <svg xmlns=\"http:\/\/www.w3.org\/2000\/svg\" viewBox=\"0 0 24 24\" fill=\"none\" stroke=\"currentColor\" stroke-width=\"2\" stroke-linecap=\"round\" stroke-linejoin=\"round\"><path d=\"M5 12h14\"\/><path d=\"m12 5 7 7-7 7\"\/><\/svg><\/div><\/div><\/a><a href=\"https:\/\/oemmespa.com\/en\/sh-400-ar\/\" class=\"shs-card shs-animate shs-d3\"><div class=\"shs-card-img\"><img decoding=\"async\" src=\"http:\/\/oemmespa.com\/wp-content\/uploads\/2026\/02\/SH-400-AR.jpg\" alt=\"SH 400 AR\" \/><div class=\"shs-card-img-overlay\"><\/div><\/div><div class=\"shs-card-body\"><div class=\"shs-card-cat\">Single Head Sawing Machine<\/div><div class=\"shs-card-name\">SH 400 AR<\/div><div class=\"shs-card-desc\">Single head sawing machine with ascending blade by means of hydro pneumatic blade feeding with output speed adjustment valve, blade \u00d8400 mm and manual adjustment head rotation with mechanical locking device from 22,5\u00b0 left and 0\u00b0 right<\/div><div class=\"shs-card-link\">View Details <svg xmlns=\"http:\/\/www.w3.org\/2000\/svg\" viewBox=\"0 0 24 24\" fill=\"none\" stroke=\"currentColor\" stroke-width=\"2\" stroke-linecap=\"round\" stroke-linejoin=\"round\"><path d=\"M5 12h14\"\/><path d=\"m12 5 7 7-7 7\"\/><\/svg><\/div><\/div><\/a><a href=\"https:\/\/oemmespa.com\/en\/sh-400-d\/\" class=\"shs-card shs-animate shs-d4\"><div class=\"shs-card-img\"><img decoding=\"async\" src=\"http:\/\/oemmespa.com\/wp-content\/uploads\/2026\/02\/SH-400-D.png\" alt=\"SH 400 D\" \/><div class=\"shs-card-img-overlay\"><\/div><\/div><div class=\"shs-card-body\"><div class=\"shs-card-cat\">Single Head Sawing Machine<\/div><div class=\"shs-card-name\">SH 400 D<\/div><div class=\"shs-card-desc\">Single head sawing machine with manual descending blade, blade \u00d8400 mm, pneumatic clamps and basement<\/div><div class=\"shs-card-link\">View Details <svg xmlns=\"http:\/\/www.w3.org\/2000\/svg\" viewBox=\"0 0 24 24\" fill=\"none\" stroke=\"currentColor\" stroke-width=\"2\" stroke-linecap=\"round\" stroke-linejoin=\"round\"><path d=\"M5 12h14\"\/><path d=\"m12 5 7 7-7 7\"\/><\/svg><\/div><\/div><\/a><a href=\"https:\/\/oemmespa.com\/en\/loading-roller-conveyor\/\" class=\"shs-card shs-animate shs-d5\"><div class=\"shs-card-img\"><img decoding=\"async\" src=\"http:\/\/oemmespa.com\/wp-content\/uploads\/2026\/02\/Loading-Roller-Conveyor.jpg\" alt=\"Loading Roller Conveyor\" \/><div class=\"shs-card-img-overlay\"><\/div><\/div><div class=\"shs-card-body\"><div class=\"shs-card-cat\">Conveyor for Sawing Machines<\/div><div class=\"shs-card-name\">Loading Roller Conveyor<\/div><div class=\"shs-card-desc\">Loading roller conveyor for single head sawing machines<\/div><div class=\"shs-card-link\">View Details <svg xmlns=\"http:\/\/www.w3.org\/2000\/svg\" viewBox=\"0 0 24 24\" fill=\"none\" stroke=\"currentColor\" stroke-width=\"2\" stroke-linecap=\"round\" stroke-linejoin=\"round\"><path d=\"M5 12h14\"\/><path d=\"m12 5 7 7-7 7\"\/><\/svg><\/div><\/div><\/a><a href=\"https:\/\/oemmespa.com\/en\/automatic-feeder-step-by-step\/\" class=\"shs-card shs-animate shs-d6\"><div class=\"shs-card-img\"><img decoding=\"async\" src=\"http:\/\/oemmespa.com\/wp-content\/uploads\/2026\/02\/Automatic-Feeder-Step-By-Step.jpg\" alt=\"Automatic Feeder Step by Step\" \/><div class=\"shs-card-img-overlay\"><\/div><\/div><div class=\"shs-card-body\"><div class=\"shs-card-cat\">Automatic Feeder<\/div><div class=\"shs-card-name\">Automatic Feeder Step by Step<\/div><div class=\"shs-card-desc\">Automatic feeder for single head sawing machine SH400AR suitable for step by step cut of corner joints and accessories<\/div><div class=\"shs-card-link\">View Details <svg xmlns=\"http:\/\/www.w3.org\/2000\/svg\" viewBox=\"0 0 24 24\" fill=\"none\" stroke=\"currentColor\" stroke-width=\"2\" stroke-linecap=\"round\" stroke-linejoin=\"round\"><path d=\"M5 12h14\"\/><path d=\"m12 5 7 7-7 7\"\/><\/svg><\/div><\/div><\/a><a href=\"https:\/\/oemmespa.com\/en\/tc-300\/\" class=\"shs-card shs-animate shs-d7\"><div class=\"shs-card-img\"><img decoding=\"async\" src=\"http:\/\/oemmespa.com\/wp-content\/uploads\/2026\/02\/TC-300.jpg\" alt=\"TC 300\" \/><div class=\"shs-card-img-overlay\"><\/div><\/div><div class=\"shs-card-body\"><div class=\"shs-card-cat\">Trim Cutting Machine<\/div><div class=\"shs-card-name\">TC 300<\/div><div class=\"shs-card-desc\">Single head sawing machine with manual descending blade, blade \u00d8300 mm, single phase motor and upper table for trim cutting<\/div><div class=\"shs-card-link\">View Details <svg xmlns=\"http:\/\/www.w3.org\/2000\/svg\" viewBox=\"0 0 24 24\" fill=\"none\" stroke=\"currentColor\" stroke-width=\"2\" stroke-linecap=\"round\" stroke-linejoin=\"round\"><path d=\"M5 12h14\"\/><path d=\"m12 5 7 7-7 7\"\/><\/svg><\/div><\/div><\/a><\/div><\/div><\/div>\t\t\t\t<\/div>\n\t\t\t\t<\/div>\n\t\t\t\t<\/div>\n\t\t","protected":false},"excerpt":{"rendered":"<p>Light-Alloy SystemsSingle Head Sawing MachinesVersatile single-head cutting systems for precise aluminum profile processing with various blade configurations.Single Head Sawing MachineSH 500 F \u2013 SH 550 FSingle head sawing machine with frontal blade feed, blade \u00d8500\/550 mm, pneumatic head tilting \u2013 45\u00b0 \/ 0\u00b0 \/ +45\u00b0 up to 22,5 on the right with manual adjustment at [&hellip;]<\/p>\n","protected":false},"author":4,"featured_media":0,"parent":0,"menu_order":0,"comment_status":"closed","ping_status":"closed","template":"elementor_header_footer","meta":{"footnotes":""},"class_list":["post-9089","page","type-page","status-publish","hentry"],"yoast_head":"<!-- This site is optimized with the Yoast SEO plugin v27.2 - https:\/\/yoast.com\/product\/yoast-seo-wordpress\/ -->\n<title>Machines \u00e0 scier \u00e0 t\u00eate unique - OEMME SPA<\/title>\n<meta name=\"robots\" content=\"index, follow, max-snippet:-1, max-image-preview:large, max-video-preview:-1\" \/>\n<link rel=\"canonical\" href=\"https:\/\/oemmespa.com\/fr\/machines-a-scier-a-tete-unique\/\" \/>\n<meta property=\"og:locale\" content=\"fr_FR\" \/>\n<meta property=\"og:type\" content=\"article\" \/>\n<meta property=\"og:title\" content=\"Machines \u00e0 scier \u00e0 t\u00eate unique - OEMME SPA\" \/>\n<meta property=\"og:description\" content=\"Light-Alloy SystemsSingle Head Sawing MachinesVersatile single-head cutting systems for precise aluminum profile processing with various blade configurations.Single Head Sawing MachineSH 500 F \u2013 SH 550 FSingle head sawing machine with frontal blade feed, blade \u00d8500\/550 mm, pneumatic head tilting \u2013 45\u00b0 \/ 0\u00b0 \/ +45\u00b0 up to 22,5 on the right with manual adjustment at [&hellip;]\" \/>\n<meta property=\"og:url\" content=\"https:\/\/oemmespa.com\/fr\/machines-a-scier-a-tete-unique\/\" \/>\n<meta property=\"og:site_name\" content=\"OEMME SPA\" \/>\n<meta property=\"og:image\" content=\"http:\/\/oemmespa.com\/wp-content\/uploads\/2026\/02\/SH-500-F.jpg\" \/>\n<meta name=\"twitter:card\" content=\"summary_large_image\" \/>\n<meta name=\"twitter:label1\" content=\"Dur\u00e9e de lecture estim\u00e9e\" \/>\n\t<meta name=\"twitter:data1\" content=\"1 minute\" \/>\n<script type=\"application\/ld+json\" class=\"yoast-schema-graph\">{\"@context\":\"https:\/\/schema.org\",\"@graph\":[{\"@type\":\"WebPage\",\"@id\":\"https:\/\/oemmespa.com\/fr\/machines-a-scier-a-tete-unique\/\",\"url\":\"https:\/\/oemmespa.com\/fr\/machines-a-scier-a-tete-unique\/\",\"name\":\"Machines \u00e0 scier \u00e0 t\u00eate unique - OEMME SPA\",\"isPartOf\":{\"@id\":\"https:\/\/oemmespa.com\/fr\/#website\"},\"primaryImageOfPage\":{\"@id\":\"https:\/\/oemmespa.com\/fr\/machines-a-scier-a-tete-unique\/#primaryimage\"},\"image\":{\"@id\":\"https:\/\/oemmespa.com\/fr\/machines-a-scier-a-tete-unique\/#primaryimage\"},\"thumbnailUrl\":\"http:\/\/oemmespa.com\/wp-content\/uploads\/2026\/02\/SH-500-F.jpg\",\"datePublished\":\"2026-03-10T13:42:33+00:00\",\"breadcrumb\":{\"@id\":\"https:\/\/oemmespa.com\/fr\/machines-a-scier-a-tete-unique\/#breadcrumb\"},\"inLanguage\":\"fr-FR\",\"potentialAction\":[{\"@type\":\"ReadAction\",\"target\":[\"https:\/\/oemmespa.com\/fr\/machines-a-scier-a-tete-unique\/\"]}]},{\"@type\":\"ImageObject\",\"inLanguage\":\"fr-FR\",\"@id\":\"https:\/\/oemmespa.com\/fr\/machines-a-scier-a-tete-unique\/#primaryimage\",\"url\":\"http:\/\/oemmespa.com\/wp-content\/uploads\/2026\/02\/SH-500-F.jpg\",\"contentUrl\":\"http:\/\/oemmespa.com\/wp-content\/uploads\/2026\/02\/SH-500-F.jpg\"},{\"@type\":\"BreadcrumbList\",\"@id\":\"https:\/\/oemmespa.com\/fr\/machines-a-scier-a-tete-unique\/#breadcrumb\",\"itemListElement\":[{\"@type\":\"ListItem\",\"position\":1,\"name\":\"Home\",\"item\":\"https:\/\/oemmespa.com\/fr\/\"},{\"@type\":\"ListItem\",\"position\":2,\"name\":\"Machines \u00e0 scier \u00e0 t\u00eate unique\"}]},{\"@type\":\"WebSite\",\"@id\":\"https:\/\/oemmespa.com\/fr\/#website\",\"url\":\"https:\/\/oemmespa.com\/fr\/\",\"name\":\"OEMME SPA\",\"description\":\"MACCHINE PER LAVORAZIONE DI SISTEMI IN LEGA LEGGERA\",\"publisher\":{\"@id\":\"https:\/\/oemmespa.com\/fr\/#organization\"},\"potentialAction\":[{\"@type\":\"SearchAction\",\"target\":{\"@type\":\"EntryPoint\",\"urlTemplate\":\"https:\/\/oemmespa.com\/fr\/?s={search_term_string}\"},\"query-input\":{\"@type\":\"PropertyValueSpecification\",\"valueRequired\":true,\"valueName\":\"search_term_string\"}}],\"inLanguage\":\"fr-FR\"},{\"@type\":\"Organization\",\"@id\":\"https:\/\/oemmespa.com\/fr\/#organization\",\"name\":\"OEMME SPA\",\"url\":\"https:\/\/oemmespa.com\/fr\/\",\"logo\":{\"@type\":\"ImageObject\",\"inLanguage\":\"fr-FR\",\"@id\":\"https:\/\/oemmespa.com\/fr\/#\/schema\/logo\/image\/\",\"url\":\"https:\/\/oemmespa.com\/wp-content\/uploads\/2026\/03\/Logo-Oemme-Completo.png\",\"contentUrl\":\"https:\/\/oemmespa.com\/wp-content\/uploads\/2026\/03\/Logo-Oemme-Completo.png\",\"width\":2160,\"height\":361,\"caption\":\"OEMME SPA\"},\"image\":{\"@id\":\"https:\/\/oemmespa.com\/fr\/#\/schema\/logo\/image\/\"}}]}<\/script>\n<!-- \/ Yoast SEO plugin. -->","yoast_head_json":{"title":"Machines \u00e0 scier \u00e0 t\u00eate unique - OEMME SPA","robots":{"index":"index","follow":"follow","max-snippet":"max-snippet:-1","max-image-preview":"max-image-preview:large","max-video-preview":"max-video-preview:-1"},"canonical":"https:\/\/oemmespa.com\/fr\/machines-a-scier-a-tete-unique\/","og_locale":"fr_FR","og_type":"article","og_title":"Machines \u00e0 scier \u00e0 t\u00eate unique - OEMME SPA","og_description":"Light-Alloy SystemsSingle Head Sawing MachinesVersatile single-head cutting systems for precise aluminum profile processing with various blade configurations.Single Head Sawing MachineSH 500 F \u2013 SH 550 FSingle head sawing machine with frontal blade feed, blade \u00d8500\/550 mm, pneumatic head tilting \u2013 45\u00b0 \/ 0\u00b0 \/ +45\u00b0 up to 22,5 on the right with manual adjustment at [&hellip;]","og_url":"https:\/\/oemmespa.com\/fr\/machines-a-scier-a-tete-unique\/","og_site_name":"OEMME SPA","og_image":[{"url":"http:\/\/oemmespa.com\/wp-content\/uploads\/2026\/02\/SH-500-F.jpg","type":"","width":"","height":""}],"twitter_card":"summary_large_image","twitter_misc":{"Dur\u00e9e de lecture estim\u00e9e":"1 minute"},"schema":{"@context":"https:\/\/schema.org","@graph":[{"@type":"WebPage","@id":"https:\/\/oemmespa.com\/fr\/machines-a-scier-a-tete-unique\/","url":"https:\/\/oemmespa.com\/fr\/machines-a-scier-a-tete-unique\/","name":"Machines \u00e0 scier \u00e0 t\u00eate unique - OEMME SPA","isPartOf":{"@id":"https:\/\/oemmespa.com\/fr\/#website"},"primaryImageOfPage":{"@id":"https:\/\/oemmespa.com\/fr\/machines-a-scier-a-tete-unique\/#primaryimage"},"image":{"@id":"https:\/\/oemmespa.com\/fr\/machines-a-scier-a-tete-unique\/#primaryimage"},"thumbnailUrl":"http:\/\/oemmespa.com\/wp-content\/uploads\/2026\/02\/SH-500-F.jpg","datePublished":"2026-03-10T13:42:33+00:00","breadcrumb":{"@id":"https:\/\/oemmespa.com\/fr\/machines-a-scier-a-tete-unique\/#breadcrumb"},"inLanguage":"fr-FR","potentialAction":[{"@type":"ReadAction","target":["https:\/\/oemmespa.com\/fr\/machines-a-scier-a-tete-unique\/"]}]},{"@type":"ImageObject","inLanguage":"fr-FR","@id":"https:\/\/oemmespa.com\/fr\/machines-a-scier-a-tete-unique\/#primaryimage","url":"http:\/\/oemmespa.com\/wp-content\/uploads\/2026\/02\/SH-500-F.jpg","contentUrl":"http:\/\/oemmespa.com\/wp-content\/uploads\/2026\/02\/SH-500-F.jpg"},{"@type":"BreadcrumbList","@id":"https:\/\/oemmespa.com\/fr\/machines-a-scier-a-tete-unique\/#breadcrumb","itemListElement":[{"@type":"ListItem","position":1,"name":"Home","item":"https:\/\/oemmespa.com\/fr\/"},{"@type":"ListItem","position":2,"name":"Machines \u00e0 scier \u00e0 t\u00eate unique"}]},{"@type":"WebSite","@id":"https:\/\/oemmespa.com\/fr\/#website","url":"https:\/\/oemmespa.com\/fr\/","name":"OEMME SPA","description":"MACCHINE PER LAVORAZIONE DI SISTEMI IN LEGA LEGGERA","publisher":{"@id":"https:\/\/oemmespa.com\/fr\/#organization"},"potentialAction":[{"@type":"SearchAction","target":{"@type":"EntryPoint","urlTemplate":"https:\/\/oemmespa.com\/fr\/?s={search_term_string}"},"query-input":{"@type":"PropertyValueSpecification","valueRequired":true,"valueName":"search_term_string"}}],"inLanguage":"fr-FR"},{"@type":"Organization","@id":"https:\/\/oemmespa.com\/fr\/#organization","name":"OEMME SPA","url":"https:\/\/oemmespa.com\/fr\/","logo":{"@type":"ImageObject","inLanguage":"fr-FR","@id":"https:\/\/oemmespa.com\/fr\/#\/schema\/logo\/image\/","url":"https:\/\/oemmespa.com\/wp-content\/uploads\/2026\/03\/Logo-Oemme-Completo.png","contentUrl":"https:\/\/oemmespa.com\/wp-content\/uploads\/2026\/03\/Logo-Oemme-Completo.png","width":2160,"height":361,"caption":"OEMME SPA"},"image":{"@id":"https:\/\/oemmespa.com\/fr\/#\/schema\/logo\/image\/"}}]}},"_links":{"self":[{"href":"https:\/\/oemmespa.com\/fr\/wp-json\/wp\/v2\/pages\/9089","targetHints":{"allow":["GET"]}}],"collection":[{"href":"https:\/\/oemmespa.com\/fr\/wp-json\/wp\/v2\/pages"}],"about":[{"href":"https:\/\/oemmespa.com\/fr\/wp-json\/wp\/v2\/types\/page"}],"author":[{"embeddable":true,"href":"https:\/\/oemmespa.com\/fr\/wp-json\/wp\/v2\/users\/4"}],"replies":[{"embeddable":true,"href":"https:\/\/oemmespa.com\/fr\/wp-json\/wp\/v2\/comments?post=9089"}],"version-history":[{"count":1,"href":"https:\/\/oemmespa.com\/fr\/wp-json\/wp\/v2\/pages\/9089\/revisions"}],"predecessor-version":[{"id":9091,"href":"https:\/\/oemmespa.com\/fr\/wp-json\/wp\/v2\/pages\/9089\/revisions\/9091"}],"wp:attachment":[{"href":"https:\/\/oemmespa.com\/fr\/wp-json\/wp\/v2\/media?parent=9089"}],"curies":[{"name":"wp","href":"https:\/\/api.w.org\/{rel}","templated":true}]}}