{"id":9234,"date":"2026-03-10T14:43:38","date_gmt":"2026-03-10T13:43:38","guid":{"rendered":"https:\/\/oemmespa.com\/evenements-2026\/"},"modified":"2026-03-11T14:19:54","modified_gmt":"2026-03-11T13:19:54","slug":"evenements-2026","status":"publish","type":"page","link":"https:\/\/oemmespa.com\/fr\/evenements-2026\/","title":{"rendered":"\u00c9v\u00e9nements &#8211; 2026"},"content":{"rendered":"\t\t<div data-elementor-type=\"wp-page\" data-elementor-id=\"9234\" class=\"elementor elementor-9234 elementor-7263\" data-elementor-post-type=\"page\">\n\t\t\t\t<div class=\"elementor-element elementor-element-3a2ac6e e-con-full e-flex e-con e-parent\" data-id=\"3a2ac6e\" data-element_type=\"container\" data-e-type=\"container\" data-settings=\"{&quot;background_background&quot;:&quot;classic&quot;}\">\n\t\t\t\t<div class=\"elementor-element elementor-element-16dedca elementor-widget__width-initial elementor-widget elementor-widget-html\" data-id=\"16dedca\" data-element_type=\"widget\" data-e-type=\"widget\" data-widget_type=\"html.default\">\n\t\t\t\t\t<style>@import url('https:\/\/fonts.googleapis.com\/css2?family=Montserrat:wght@200;300;400;500;600;700&display=swap');\n\n.ev-hero{position:relative;padding:8rem 2rem 6rem;overflow:hidden;text-align:center;background:#121212}\n.ev-grid-bg{position:absolute;inset:0;opacity:.02;background-image:linear-gradient(#e0e0e0 1px,transparent 1px),linear-gradient(90deg,#e0e0e0 1px,transparent 1px);background-size:80px 80px}\n.ev-content{position:relative;z-index:2;max-width:56rem;margin:0 auto}\n.ev-tag{font-family:'Montserrat',sans-serif;font-weight:400;font-size:1.5rem;letter-spacing:.3em;text-transform:uppercase;color:rgba(74,222,128,.6)}\n.ev-title{font-family:'Montserrat',sans-serif;font-weight:600;font-size:3rem;color:#fff;line-height:1.2;letter-spacing:.02em;margin-top:2rem}\n.ev-accent{color:#4ade80;font-weight:400}\n.ev-subtitle{font-family:'Montserrat',sans-serif;font-weight:400;font-size:1.25rem;color:#fff;line-height:1.8;max-width:48rem;margin:2rem auto 0}\n\n.ev-section{padding:5rem 2rem;background:#121212}\n.ev-container{max-width:72rem;margin:0 auto}\n.ev-heading{font-family:'Montserrat',sans-serif;font-weight:600;font-size:2.25rem;color:#fff;letter-spacing:.02em;text-align:center;margin-bottom:3rem}\n\n.ev-grid{display:grid;grid-template-columns:1fr 1fr;gap:2rem}\n.ev-card{display:block;padding:2.5rem;border:2px solid rgba(255,255,255,.12);background:transparent;color:inherit;text-decoration:none;transition:all .5s;position:relative;overflow:hidden}\n.ev-card:hover{border-color:rgba(74,222,128,.4);box-shadow:0 25px 50px -12px rgba(0,0,0,.5)}\n.ev-card:link,.ev-card:visited,.ev-card:active{color:inherit;text-decoration:none}\n.ev-card-header{display:flex;align-items:center;justify-content:space-between;margin-bottom:1rem}\n.ev-card-name{font-family:'Montserrat',sans-serif;font-weight:600;font-size:1.25rem;color:#fff;letter-spacing:.05em}\n.ev-card-arrow{width:16px;height:16px;color:rgba(74,222,128,.4);transition:color .3s}\n.ev-card:hover .ev-card-arrow{color:#4ade80}\n.ev-card-info{display:flex;align-items:center;gap:.75rem;font-family:'Montserrat',sans-serif;font-weight:400;font-size:1.125rem;color:#fff;margin-bottom:.5rem}\n.ev-card-icon{width:16px;height:16px;color:rgba(74,222,128,.6)}\n.ev-badge{display:inline-block;padding:.5rem 1rem;font-family:'Montserrat',sans-serif;font-weight:400;font-size:.875rem;letter-spacing:.15em;margin-top:1rem;text-transform:none}\n.ev-badge--upcoming{background:rgba(74,222,128,.1);border:1px solid rgba(74,222,128,.2);color:#4ade80}\n.ev-badge--past{background:rgba(255,255,255,.05);border:1px solid rgba(255,255,255,.15);color:rgba(255,255,255,.6)}\n\n.ev-past-card{padding:2.5rem;border:2px solid rgba(255,255,255,.12);background:transparent;transition:all .5s}\n.ev-past-card:hover{border-color:rgba(255,255,255,.3)}\n.ev-past-row{display:flex;align-items:center;justify-content:space-between;gap:2rem;flex-wrap:wrap}\n\n.ev-vision{font-family:'Montserrat',sans-serif;font-weight:400;font-size:1.25rem;color:#4ade80;letter-spacing:.05em;text-align:center;line-height:1.8}\n\n.ev-cta-btn{display:inline-flex;align-items:center;gap:.75rem;padding:1.5rem 2.5rem;font-family:'Montserrat',sans-serif;font-weight:400;font-size:1.125rem;letter-spacing:.3em;color:#4ade80;border:2px solid #4ade80;background:transparent;text-decoration:none;transition:all .5s;cursor:pointer;text-transform:none}\n.ev-cta-btn:hover{transform:scale(1.05);background:#4ade80;color:#121212}\n.ev-cta-btn:link,.ev-cta-btn:visited{color:#4ade80;text-decoration:none}\n\n@media(max-width:768px){\n  .ev-grid{grid-template-columns:1fr}\n  .ev-past-row{flex-direction:column;align-items:flex-start}\n  .ev-tag{font-size:.75rem;font-weight:300}\n  .ev-title{font-size:clamp(2rem,5vw,3.75rem);font-weight:200}\n  .ev-accent{font-weight:300}\n  .ev-subtitle{font-size:.875rem;font-weight:300;color:rgba(255,255,255,.6)}\n  .ev-heading{font-size:clamp(1.75rem,3vw,2.25rem);font-weight:200}\n  .ev-card-name{font-weight:300;font-size:1.25rem}\n  .ev-card-info{font-size:.875rem;font-weight:300;color:rgba(255,255,255,.7)}\n  .ev-badge{font-size:.7rem;font-weight:300}\n  .ev-vision{font-size:1.25rem;font-weight:300}\n  .ev-cta-btn{font-size:.875rem;font-weight:300;letter-spacing:.3em}\n}\n<\/style><!-- ========== HERO ========== --><section class=\"ev-hero\"><div class=\"ev-grid-bg\"><\/div><div class=\"ev-content\"><span class=\"ev-tag\">Salons &amp; \u00c9v\u00e9nements<\/span><div class=\"ev-title\">Rencontrons-nous<br><span class=\"ev-accent\">en direct<\/span>.<\/div><div class=\"ev-subtitle\">OEMME participe aux principaux salons professionnels et \u00e9v\u00e9nements industriels \u00e0 travers le monde. De GlassBuild America aux grandes expositions europ\u00e9ennes : chaque rendez-vous est l'occasion de d\u00e9couvrir l'innovation en direct et d'\u00e9changer avec nos experts.<\/div><\/div><\/section><!-- ========== \u00c9V\u00c9NEMENTS \u00c0 VENIR ========== --><section class=\"ev-section\"><div class=\"ev-container\"><div class=\"ev-heading\">\u00c9v\u00e9nements <span class=\"ev-accent\">\u00e0 venir<\/span><\/div><div class=\"ev-grid\"><a href=\"https:\/\/www.batimat.com\/en-gb.html\" target=\"_blank\" rel=\"noopener noreferrer\" class=\"ev-card\"><div class=\"ev-card-header\"><span class=\"ev-card-name\">Batimat Paris<\/span><svg class=\"ev-card-arrow\" viewBox=\"0 0 24 24\" fill=\"none\" stroke=\"currentColor\" stroke-width=\"2\" width=\"16\" height=\"16\"><path d=\"M7 17L17 7M17 7H7M17 7v10\"\/><\/svg><\/div><div class=\"ev-card-info\"><svg class=\"ev-card-icon\" xmlns=\"http:\/\/www.w3.org\/2000\/svg\" viewBox=\"0 0 24 24\" fill=\"none\" stroke=\"currentColor\" stroke-width=\"1.5\" stroke-linecap=\"round\" stroke-linejoin=\"round\"><path d=\"M20 10c0 6-8 12-8 12s-8-6-8-12a8 8 0 0 1 16 0Z\"\/><circle cx=\"12\" cy=\"10\" r=\"3\"\/><\/svg>Paris, France\n        <\/div><div class=\"ev-card-info\"><svg class=\"ev-card-icon\" xmlns=\"http:\/\/www.w3.org\/2000\/svg\" viewBox=\"0 0 24 24\" fill=\"none\" stroke=\"currentColor\" stroke-width=\"1.5\" stroke-linecap=\"round\" stroke-linejoin=\"round\"><rect width=\"18\" height=\"18\" x=\"3\" y=\"4\" rx=\"2\"\/><path d=\"M16 2v4\"\/><path d=\"M8 2v4\"\/><path d=\"M3 10h18\"\/><\/svg>28 septembre \u2013 1er octobre 2026\n        <\/div><span class=\"ev-badge ev-badge--upcoming\">\u00c0 venir<\/span><\/a><a href=\"https:\/\/www.ifema.es\/en\/veteco\" target=\"_blank\" rel=\"noopener noreferrer\" class=\"ev-card\"><div class=\"ev-card-header\"><span class=\"ev-card-name\">Veteco Madrid<\/span><svg class=\"ev-card-arrow\" viewBox=\"0 0 24 24\" fill=\"none\" stroke=\"currentColor\" stroke-width=\"2\" width=\"16\" height=\"16\"><path d=\"M7 17L17 7M17 7H7M17 7v10\"\/><\/svg><\/div><div class=\"ev-card-info\"><svg class=\"ev-card-icon\" xmlns=\"http:\/\/www.w3.org\/2000\/svg\" viewBox=\"0 0 24 24\" fill=\"none\" stroke=\"currentColor\" stroke-width=\"1.5\" stroke-linecap=\"round\" stroke-linejoin=\"round\"><path d=\"M20 10c0 6-8 12-8 12s-8-6-8-12a8 8 0 0 1 16 0Z\"\/><circle cx=\"12\" cy=\"10\" r=\"3\"\/><\/svg>Madrid, Espagne\n        <\/div><div class=\"ev-card-info\"><svg class=\"ev-card-icon\" xmlns=\"http:\/\/www.w3.org\/2000\/svg\" viewBox=\"0 0 24 24\" fill=\"none\" stroke=\"currentColor\" stroke-width=\"1.5\" stroke-linecap=\"round\" stroke-linejoin=\"round\"><rect width=\"18\" height=\"18\" x=\"3\" y=\"4\" rx=\"2\"\/><path d=\"M16 2v4\"\/><path d=\"M8 2v4\"\/><path d=\"M3 10h18\"\/><\/svg>10\u201313 novembre 2026\n        <\/div><span class=\"ev-badge ev-badge--upcoming\">\u00c0 venir<\/span><\/a><a href=\"https:\/\/exponor.pt\/en\/concreta\/concreta\/\" target=\"_blank\" rel=\"noopener noreferrer\" class=\"ev-card\"><div class=\"ev-card-header\"><span class=\"ev-card-name\">Concreta Porto<\/span><svg class=\"ev-card-arrow\" viewBox=\"0 0 24 24\" fill=\"none\" stroke=\"currentColor\" stroke-width=\"2\" width=\"16\" height=\"16\"><path d=\"M7 17L17 7M17 7H7M17 7v10\"\/><\/svg><\/div><div class=\"ev-card-info\"><svg class=\"ev-card-icon\" xmlns=\"http:\/\/www.w3.org\/2000\/svg\" viewBox=\"0 0 24 24\" fill=\"none\" stroke=\"currentColor\" stroke-width=\"1.5\" stroke-linecap=\"round\" stroke-linejoin=\"round\"><path d=\"M20 10c0 6-8 12-8 12s-8-6-8-12a8 8 0 0 1 16 0Z\"\/><circle cx=\"12\" cy=\"10\" r=\"3\"\/><\/svg>Porto, Portugal\n        <\/div><div class=\"ev-card-info\"><svg class=\"ev-card-icon\" xmlns=\"http:\/\/www.w3.org\/2000\/svg\" viewBox=\"0 0 24 24\" fill=\"none\" stroke=\"currentColor\" stroke-width=\"1.5\" stroke-linecap=\"round\" stroke-linejoin=\"round\"><rect width=\"18\" height=\"18\" x=\"3\" y=\"4\" rx=\"2\"\/><path d=\"M16 2v4\"\/><path d=\"M8 2v4\"\/><path d=\"M3 10h18\"\/><\/svg>18\u201321 novembre 2026\n        <\/div><span class=\"ev-badge ev-badge--upcoming\">\u00c0 venir<\/span><\/a><a href=\"https:\/\/bau-muenchen.com\/en\/trade-fair\/\" target=\"_blank\" rel=\"noopener noreferrer\" class=\"ev-card\"><div class=\"ev-card-header\"><span class=\"ev-card-name\">BAU Munich<\/span><svg class=\"ev-card-arrow\" viewBox=\"0 0 24 24\" fill=\"none\" stroke=\"currentColor\" stroke-width=\"2\" width=\"16\" height=\"16\"><path d=\"M7 17L17 7M17 7H7M17 7v10\"\/><\/svg><\/div><div class=\"ev-card-info\"><svg class=\"ev-card-icon\" xmlns=\"http:\/\/www.w3.org\/2000\/svg\" viewBox=\"0 0 24 24\" fill=\"none\" stroke=\"currentColor\" stroke-width=\"1.5\" stroke-linecap=\"round\" stroke-linejoin=\"round\"><path d=\"M20 10c0 6-8 12-8 12s-8-6-8-12a8 8 0 0 1 16 0Z\"\/><circle cx=\"12\" cy=\"10\" r=\"3\"\/><\/svg>Munich, Allemagne\n        <\/div><div class=\"ev-card-info\"><svg class=\"ev-card-icon\" xmlns=\"http:\/\/www.w3.org\/2000\/svg\" viewBox=\"0 0 24 24\" fill=\"none\" stroke=\"currentColor\" stroke-width=\"1.5\" stroke-linecap=\"round\" stroke-linejoin=\"round\"><rect width=\"18\" height=\"18\" x=\"3\" y=\"4\" rx=\"2\"\/><path d=\"M16 2v4\"\/><path d=\"M8 2v4\"\/><path d=\"M3 10h18\"\/><\/svg>11\u201315 janvier 2027\n        <\/div><span class=\"ev-badge ev-badge--upcoming\">\u00c0 venir<\/span><\/a><a href=\"https:\/\/www.glassbuildamerica.com\/\" target=\"_blank\" rel=\"noopener noreferrer\" class=\"ev-card\"><div class=\"ev-card-header\"><span class=\"ev-card-name\">GlassBuild America 2026<\/span><svg class=\"ev-card-arrow\" viewBox=\"0 0 24 24\" fill=\"none\" stroke=\"currentColor\" stroke-width=\"2\" width=\"16\" height=\"16\"><path d=\"M7 17L17 7M17 7H7M17 7v10\"\/><\/svg><\/div><div class=\"ev-card-info\"><svg class=\"ev-card-icon\" xmlns=\"http:\/\/www.w3.org\/2000\/svg\" viewBox=\"0 0 24 24\" fill=\"none\" stroke=\"currentColor\" stroke-width=\"1.5\" stroke-linecap=\"round\" stroke-linejoin=\"round\"><path d=\"M20 10c0 6-8 12-8 12s-8-6-8-12a8 8 0 0 1 16 0Z\"\/><circle cx=\"12\" cy=\"10\" r=\"3\"\/><\/svg>Las Vegas, NV, \u00c9tats-Unis\n        <\/div><div class=\"ev-card-info\"><svg class=\"ev-card-icon\" xmlns=\"http:\/\/www.w3.org\/2000\/svg\" viewBox=\"0 0 24 24\" fill=\"none\" stroke=\"currentColor\" stroke-width=\"1.5\" stroke-linecap=\"round\" stroke-linejoin=\"round\"><rect width=\"18\" height=\"18\" x=\"3\" y=\"4\" rx=\"2\"\/><path d=\"M16 2v4\"\/><path d=\"M8 2v4\"\/><path d=\"M3 10h18\"\/><\/svg>Octobre 2026\n        <\/div><span class=\"ev-badge ev-badge--upcoming\">\u00c0 venir<\/span><\/a><\/div><\/div><\/section><!-- ========== \u00c9V\u00c9NEMENT PASS\u00c9 ========== --><section class=\"ev-section\"><div class=\"ev-container\"><div class=\"ev-heading\">\u00c9v\u00e9nement <span class=\"ev-accent\">pass\u00e9<\/span><\/div><div class=\"ev-past-card\"><div class=\"ev-past-row\"><div><span class=\"ev-card-name\" style=\"display:block;margin-bottom:1rem\">GlassBuild America 2025<\/span><div class=\"ev-card-info\"><svg class=\"ev-card-icon\" xmlns=\"http:\/\/www.w3.org\/2000\/svg\" viewBox=\"0 0 24 24\" fill=\"none\" stroke=\"currentColor\" stroke-width=\"1.5\" stroke-linecap=\"round\" stroke-linejoin=\"round\"><path d=\"M20 10c0 6-8 12-8 12s-8-6-8-12a8 8 0 0 1 16 0Z\"\/><circle cx=\"12\" cy=\"10\" r=\"3\"\/><\/svg>Orlando, FL | Stand 17085, South Building\n          <\/div><div class=\"ev-card-info\"><svg class=\"ev-card-icon\" xmlns=\"http:\/\/www.w3.org\/2000\/svg\" viewBox=\"0 0 24 24\" fill=\"none\" stroke=\"currentColor\" stroke-width=\"1.5\" stroke-linecap=\"round\" stroke-linejoin=\"round\"><rect width=\"18\" height=\"18\" x=\"3\" y=\"4\" rx=\"2\"\/><path d=\"M16 2v4\"\/><path d=\"M8 2v4\"\/><path d=\"M3 10h18\"\/><\/svg>4\u20136 novembre 2025\n          <\/div><\/div><span class=\"ev-badge ev-badge--past\">\u00c9v\u00e9nement termin\u00e9<\/span><\/div><\/div><\/div><\/section><!-- ========== VISION ========== --><section class=\"ev-section\"><div class=\"ev-container\"><div class=\"ev-vision\">Aujourd'hui, nous vivons le futur de l'assemblage \u00e0 rupture de pont thermique.<\/div><\/div><\/section><!-- ========== CTA ========== --><section class=\"ev-section\"><div class=\"ev-container\" style=\"text-align:center\"><div class=\"ev-heading\">Nous nous sommes rencontr\u00e9s <span class=\"ev-accent\">au salon ?<\/span><\/div><a href=\"https:\/\/oemmespa.com\/fr\/contactez-nous\/\" class=\"ev-cta-btn\"><svg xmlns=\"http:\/\/www.w3.org\/2000\/svg\" width=\"20\" height=\"20\" viewBox=\"0 0 24 24\" fill=\"none\" stroke=\"currentColor\" stroke-width=\"1.5\" stroke-linecap=\"round\" stroke-linejoin=\"round\"><rect width=\"20\" height=\"16\" x=\"2\" y=\"4\" rx=\"2\"\/><path d=\"m22 7-8.97 5.7a1.94 1.94 0 0 1-2.06 0L2 7\"\/><\/svg>Contactez-nous\n    <\/a><\/div><\/section>\t\t\t\t<\/div>\n\t\t\t\t<\/div>\n\t\t\t\t<\/div>\n\t\t","protected":false},"excerpt":{"rendered":"<p>Salons &amp; \u00c9v\u00e9nementsRencontrons-nousen direct.OEMME participe aux principaux salons professionnels et \u00e9v\u00e9nements industriels \u00e0 travers le monde. De GlassBuild America aux grandes expositions europ\u00e9ennes : chaque rendez-vous est l&rsquo;occasion de d\u00e9couvrir l&rsquo;innovation en direct et d&rsquo;\u00e9changer avec nos experts. \u00c9v\u00e9nements \u00e0 venirBatimat ParisParis, France 28 septembre \u2013 1er octobre 2026 \u00c0 venirVeteco MadridMadrid, Espagne 10\u201313 novembre [&hellip;]<\/p>\n","protected":false},"author":4,"featured_media":0,"parent":0,"menu_order":0,"comment_status":"closed","ping_status":"closed","template":"elementor_header_footer","meta":{"footnotes":""},"class_list":["post-9234","page","type-page","status-publish","hentry"],"yoast_head":"<!-- This site is optimized with the Yoast SEO plugin v27.2 - https:\/\/yoast.com\/product\/yoast-seo-wordpress\/ -->\n<title>\u00c9v\u00e9nements - 2026 - OEMME SPA<\/title>\n<meta name=\"robots\" content=\"index, follow, max-snippet:-1, max-image-preview:large, max-video-preview:-1\" \/>\n<link rel=\"canonical\" href=\"https:\/\/oemmespa.com\/fr\/evenements-2026\/\" \/>\n<meta property=\"og:locale\" content=\"fr_FR\" \/>\n<meta property=\"og:type\" content=\"article\" \/>\n<meta property=\"og:title\" content=\"\u00c9v\u00e9nements - 2026 - OEMME SPA\" \/>\n<meta property=\"og:description\" content=\"Salons &amp; \u00c9v\u00e9nementsRencontrons-nousen direct.OEMME participe aux principaux salons professionnels et \u00e9v\u00e9nements industriels \u00e0 travers le monde. De GlassBuild America aux grandes expositions europ\u00e9ennes : chaque rendez-vous est l&rsquo;occasion de d\u00e9couvrir l&rsquo;innovation en direct et d&rsquo;\u00e9changer avec nos experts. \u00c9v\u00e9nements \u00e0 venirBatimat ParisParis, France 28 septembre \u2013 1er octobre 2026 \u00c0 venirVeteco MadridMadrid, Espagne 10\u201313 novembre [&hellip;]\" \/>\n<meta property=\"og:url\" content=\"https:\/\/oemmespa.com\/fr\/evenements-2026\/\" \/>\n<meta property=\"og:site_name\" content=\"OEMME SPA\" \/>\n<meta property=\"article:modified_time\" content=\"2026-03-11T13:19:54+00:00\" \/>\n<meta name=\"twitter:card\" content=\"summary_large_image\" \/>\n<meta name=\"twitter:label1\" content=\"Dur\u00e9e de lecture estim\u00e9e\" \/>\n\t<meta name=\"twitter:data1\" content=\"1 minute\" \/>\n<script type=\"application\/ld+json\" class=\"yoast-schema-graph\">{\"@context\":\"https:\/\/schema.org\",\"@graph\":[{\"@type\":\"WebPage\",\"@id\":\"https:\/\/oemmespa.com\/fr\/evenements-2026\/\",\"url\":\"https:\/\/oemmespa.com\/fr\/evenements-2026\/\",\"name\":\"\u00c9v\u00e9nements - 2026 - OEMME SPA\",\"isPartOf\":{\"@id\":\"https:\/\/oemmespa.com\/fr\/#website\"},\"datePublished\":\"2026-03-10T13:43:38+00:00\",\"dateModified\":\"2026-03-11T13:19:54+00:00\",\"breadcrumb\":{\"@id\":\"https:\/\/oemmespa.com\/fr\/evenements-2026\/#breadcrumb\"},\"inLanguage\":\"fr-FR\",\"potentialAction\":[{\"@type\":\"ReadAction\",\"target\":[\"https:\/\/oemmespa.com\/fr\/evenements-2026\/\"]}]},{\"@type\":\"BreadcrumbList\",\"@id\":\"https:\/\/oemmespa.com\/fr\/evenements-2026\/#breadcrumb\",\"itemListElement\":[{\"@type\":\"ListItem\",\"position\":1,\"name\":\"Home\",\"item\":\"https:\/\/oemmespa.com\/fr\/\"},{\"@type\":\"ListItem\",\"position\":2,\"name\":\"\u00c9v\u00e9nements &#8211; 2026\"}]},{\"@type\":\"WebSite\",\"@id\":\"https:\/\/oemmespa.com\/fr\/#website\",\"url\":\"https:\/\/oemmespa.com\/fr\/\",\"name\":\"OEMME SPA\",\"description\":\"MACCHINE PER LAVORAZIONE DI SISTEMI IN LEGA LEGGERA\",\"publisher\":{\"@id\":\"https:\/\/oemmespa.com\/fr\/#organization\"},\"potentialAction\":[{\"@type\":\"SearchAction\",\"target\":{\"@type\":\"EntryPoint\",\"urlTemplate\":\"https:\/\/oemmespa.com\/fr\/?s={search_term_string}\"},\"query-input\":{\"@type\":\"PropertyValueSpecification\",\"valueRequired\":true,\"valueName\":\"search_term_string\"}}],\"inLanguage\":\"fr-FR\"},{\"@type\":\"Organization\",\"@id\":\"https:\/\/oemmespa.com\/fr\/#organization\",\"name\":\"OEMME SPA\",\"url\":\"https:\/\/oemmespa.com\/fr\/\",\"logo\":{\"@type\":\"ImageObject\",\"inLanguage\":\"fr-FR\",\"@id\":\"https:\/\/oemmespa.com\/fr\/#\/schema\/logo\/image\/\",\"url\":\"https:\/\/oemmespa.com\/wp-content\/uploads\/2026\/03\/Logo-Oemme-Completo.png\",\"contentUrl\":\"https:\/\/oemmespa.com\/wp-content\/uploads\/2026\/03\/Logo-Oemme-Completo.png\",\"width\":2160,\"height\":361,\"caption\":\"OEMME SPA\"},\"image\":{\"@id\":\"https:\/\/oemmespa.com\/fr\/#\/schema\/logo\/image\/\"}}]}<\/script>\n<!-- \/ Yoast SEO plugin. -->","yoast_head_json":{"title":"\u00c9v\u00e9nements - 2026 - OEMME SPA","robots":{"index":"index","follow":"follow","max-snippet":"max-snippet:-1","max-image-preview":"max-image-preview:large","max-video-preview":"max-video-preview:-1"},"canonical":"https:\/\/oemmespa.com\/fr\/evenements-2026\/","og_locale":"fr_FR","og_type":"article","og_title":"\u00c9v\u00e9nements - 2026 - OEMME SPA","og_description":"Salons &amp; \u00c9v\u00e9nementsRencontrons-nousen direct.OEMME participe aux principaux salons professionnels et \u00e9v\u00e9nements industriels \u00e0 travers le monde. De GlassBuild America aux grandes expositions europ\u00e9ennes : chaque rendez-vous est l&rsquo;occasion de d\u00e9couvrir l&rsquo;innovation en direct et d&rsquo;\u00e9changer avec nos experts. \u00c9v\u00e9nements \u00e0 venirBatimat ParisParis, France 28 septembre \u2013 1er octobre 2026 \u00c0 venirVeteco MadridMadrid, Espagne 10\u201313 novembre [&hellip;]","og_url":"https:\/\/oemmespa.com\/fr\/evenements-2026\/","og_site_name":"OEMME SPA","article_modified_time":"2026-03-11T13:19:54+00:00","twitter_card":"summary_large_image","twitter_misc":{"Dur\u00e9e de lecture estim\u00e9e":"1 minute"},"schema":{"@context":"https:\/\/schema.org","@graph":[{"@type":"WebPage","@id":"https:\/\/oemmespa.com\/fr\/evenements-2026\/","url":"https:\/\/oemmespa.com\/fr\/evenements-2026\/","name":"\u00c9v\u00e9nements - 2026 - OEMME SPA","isPartOf":{"@id":"https:\/\/oemmespa.com\/fr\/#website"},"datePublished":"2026-03-10T13:43:38+00:00","dateModified":"2026-03-11T13:19:54+00:00","breadcrumb":{"@id":"https:\/\/oemmespa.com\/fr\/evenements-2026\/#breadcrumb"},"inLanguage":"fr-FR","potentialAction":[{"@type":"ReadAction","target":["https:\/\/oemmespa.com\/fr\/evenements-2026\/"]}]},{"@type":"BreadcrumbList","@id":"https:\/\/oemmespa.com\/fr\/evenements-2026\/#breadcrumb","itemListElement":[{"@type":"ListItem","position":1,"name":"Home","item":"https:\/\/oemmespa.com\/fr\/"},{"@type":"ListItem","position":2,"name":"\u00c9v\u00e9nements &#8211; 2026"}]},{"@type":"WebSite","@id":"https:\/\/oemmespa.com\/fr\/#website","url":"https:\/\/oemmespa.com\/fr\/","name":"OEMME SPA","description":"MACCHINE PER LAVORAZIONE DI SISTEMI IN LEGA LEGGERA","publisher":{"@id":"https:\/\/oemmespa.com\/fr\/#organization"},"potentialAction":[{"@type":"SearchAction","target":{"@type":"EntryPoint","urlTemplate":"https:\/\/oemmespa.com\/fr\/?s={search_term_string}"},"query-input":{"@type":"PropertyValueSpecification","valueRequired":true,"valueName":"search_term_string"}}],"inLanguage":"fr-FR"},{"@type":"Organization","@id":"https:\/\/oemmespa.com\/fr\/#organization","name":"OEMME SPA","url":"https:\/\/oemmespa.com\/fr\/","logo":{"@type":"ImageObject","inLanguage":"fr-FR","@id":"https:\/\/oemmespa.com\/fr\/#\/schema\/logo\/image\/","url":"https:\/\/oemmespa.com\/wp-content\/uploads\/2026\/03\/Logo-Oemme-Completo.png","contentUrl":"https:\/\/oemmespa.com\/wp-content\/uploads\/2026\/03\/Logo-Oemme-Completo.png","width":2160,"height":361,"caption":"OEMME SPA"},"image":{"@id":"https:\/\/oemmespa.com\/fr\/#\/schema\/logo\/image\/"}}]}},"_links":{"self":[{"href":"https:\/\/oemmespa.com\/fr\/wp-json\/wp\/v2\/pages\/9234","targetHints":{"allow":["GET"]}}],"collection":[{"href":"https:\/\/oemmespa.com\/fr\/wp-json\/wp\/v2\/pages"}],"about":[{"href":"https:\/\/oemmespa.com\/fr\/wp-json\/wp\/v2\/types\/page"}],"author":[{"embeddable":true,"href":"https:\/\/oemmespa.com\/fr\/wp-json\/wp\/v2\/users\/4"}],"replies":[{"embeddable":true,"href":"https:\/\/oemmespa.com\/fr\/wp-json\/wp\/v2\/comments?post=9234"}],"version-history":[{"count":4,"href":"https:\/\/oemmespa.com\/fr\/wp-json\/wp\/v2\/pages\/9234\/revisions"}],"predecessor-version":[{"id":9700,"href":"https:\/\/oemmespa.com\/fr\/wp-json\/wp\/v2\/pages\/9234\/revisions\/9700"}],"wp:attachment":[{"href":"https:\/\/oemmespa.com\/fr\/wp-json\/wp\/v2\/media?parent=9234"}],"curies":[{"name":"wp","href":"https:\/\/api.w.org\/{rel}","templated":true}]}}