{"id":9317,"date":"2026-03-10T14:44:23","date_gmt":"2026-03-10T13:44:23","guid":{"rendered":"https:\/\/oemmespa.com\/politique-de-confidentialite-2\/"},"modified":"2026-03-10T14:44:23","modified_gmt":"2026-03-10T13:44:23","slug":"politique-de-confidentialite-2","status":"publish","type":"page","link":"https:\/\/oemmespa.com\/fr\/politique-de-confidentialite-2\/","title":{"rendered":"Politique de confidentialit\u00e9"},"content":{"rendered":"<p><strong>POLITIQUE DE CONFIDENTIALIT\u00c9<\/strong><\/p>\n<p>Conform\u00e9ment \u00e0 l&rsquo;art. 13 du R\u00e8glement UE 2016\/679 (ci-apr\u00e8s le \u00a0\u00bb R\u00e8glement \u00a0\u00bb), OEMME S.p.A.,<br \/>\nle Responsable du traitement, vous informe que vos donn\u00e9es seront trait\u00e9es pour les finalit\u00e9s et selon les modalit\u00e9s<br \/>\nexpliqu\u00e9es ci-dessous.<br \/>\n<strong>Nature des donn\u00e9es personnelles<\/strong><br \/>\nLe traitement portera sur des donn\u00e9es personnelles et sera limit\u00e9 aux donn\u00e9es strictement pertinentes et fonctionnelles aux fins de la collecte de<br \/>\n.<br \/>\n<strong>Objectif du traitement des donn\u00e9es<\/strong><br \/>\nLes donn\u00e9es seront trait\u00e9es pour permettre au responsable du traitement des donn\u00e9es d&rsquo;effectuer des interventions de maintenance et\/ou d&rsquo;assistance<br \/>\nsur la machine, comme demand\u00e9 par la personne concern\u00e9e.<br \/>\n<strong>L\u00e9gitimit\u00e9 du traitement<\/strong><br \/>\nLa base juridique du traitement est le contrat.<br \/>\nFourniture de donn\u00e9es et cons\u00e9quences du refus de consentement<br \/>\nLa fourniture de donn\u00e9es est facultative. En cas de refus de fournir les donn\u00e9es, le contr\u00f4leur des donn\u00e9es ne sera pas en mesure d&rsquo;offrir \u00e0<br \/>\nl&rsquo;assistance demand\u00e9e.<br \/>\n<strong>M\u00e9thodes de traitement des donn\u00e9es<\/strong><br \/>\nLe traitement des donn\u00e9es peut concerner toutes les op\u00e9rations mentionn\u00e9es \u00e0 l&rsquo;article 4 n. 2), du r\u00e8glement. Dans tous les cas,<br \/>\nle traitement sera bas\u00e9 sur les principes de loyaut\u00e9, de lic\u00e9it\u00e9, de finalit\u00e9, de qualit\u00e9, de pertinence, de<br \/>\nminimisation des donn\u00e9es et de transparence.<br \/>\nLes donn\u00e9es personnelles seront trait\u00e9es sous forme automatis\u00e9e ou sur papier uniquement pendant la p\u00e9riode strictement n\u00e9cessaire<br \/>\npour atteindre les objectifs pour lesquels elles ont \u00e9t\u00e9 collect\u00e9es.<br \/>\nLes donn\u00e9es seront stock\u00e9es dans des bases de donn\u00e9es \u00e9lectroniques.<br \/>\nLe traitement sera effectu\u00e9 directement par l&rsquo;organisation du Titulaire du traitement.<br \/>\nLes donn\u00e9es pourront \u00eatre communiqu\u00e9es \u00e0 des tiers, tels que les distributeurs et\/ou revendeurs de machines, ainsi qu&rsquo;\u00e0<br \/>\ndes agences avec lesquelles le Responsable du traitement a \u00e9tabli une collaboration technique ou commerciale.<br \/>\nDans tous les cas, les donn\u00e9es seront trait\u00e9es en appliquant des logiques strictement li\u00e9es aux finalit\u00e9s mentionn\u00e9es et<br \/>\nen utilisant des m\u00e9thodes qui garantissent leur s\u00e9curit\u00e9 et leur confidentialit\u00e9, en adoptant des mesures ad\u00e9quates pour emp\u00eacher<br \/>\nl&rsquo;alt\u00e9ration, l&rsquo;effacement, la destruction, l&rsquo;acc\u00e8s non autoris\u00e9 et le traitement ill\u00e9gal ou ill\u00e9gitime des donn\u00e9es.<br \/>\n<strong>Droits de la personne concern\u00e9e<\/strong><br \/>\nVous pouvez, \u00e0 tout moment, exercer les droits suivants :<br \/>\na) acc\u00e9der \u00e0 vos donn\u00e9es personnelles ;<br \/>\nb) rectifier ou annuler vos donn\u00e9es ou limiter les finalit\u00e9s de leur traitement ;<br \/>\nc) vous opposer au traitement ;<br \/>\nd) obtenir la portabilit\u00e9 des donn\u00e9es ;<br \/>\ne) r\u00e9voquer votre consentement &#8211; ce qui n&rsquo;affectera pas le traitement des donn\u00e9es effectu\u00e9 avant la r\u00e9vocation du consentement<br \/>\n;<br \/>\nf) d\u00e9poser une plainte aupr\u00e8s de l&rsquo;autorit\u00e9 de contr\u00f4le (Autorit\u00e9 de protection des donn\u00e9es).<br \/>\nTous les droits susmentionn\u00e9s peuvent \u00eatre exerc\u00e9s en envoyant une demande par courrier \u00e9lectronique \u00e0 l&rsquo;adresse suivante :<br \/>\nprivacy@oemmespa.com.<br \/>\n<strong>Dur\u00e9e du traitement et conservation<\/strong><br \/>\nLes donn\u00e9es personnelles fournies volontairement par la personne concern\u00e9e seront trait\u00e9es par le responsable du traitement pendant<br \/>\ntoute la dur\u00e9e du service d&rsquo;assistance et conserv\u00e9es pendant une p\u00e9riode de dix ans \u00e0 compter de la date de la derni\u00e8re intervention<br \/>\n, \u00e0 moins qu&rsquo;une p\u00e9riode plus longue ne soit requise par la loi ou pour l&rsquo;exercice des droits de la d\u00e9fense du responsable du traitement<br \/>\nen justice.<br \/>\n<strong>Contr\u00f4leur des donn\u00e9es<\/strong><br \/>\nLe contr\u00f4leur des donn\u00e9es est OEMME S.p.A., dont le si\u00e8ge social se trouve \u00e0 Via F. L. Ferrari, 23, 44122 Ferrara, Italie,<br \/>\nemail : privacy@oemmespa.com.<\/p>\n","protected":false},"excerpt":{"rendered":"<p>POLITIQUE DE CONFIDENTIALIT\u00c9 Conform\u00e9ment \u00e0 l&rsquo;art. 13 du R\u00e8glement UE 2016\/679 (ci-apr\u00e8s le \u00a0\u00bb R\u00e8glement \u00a0\u00bb), OEMME S.p.A., le Responsable du traitement, vous informe que vos donn\u00e9es seront trait\u00e9es pour les finalit\u00e9s et selon les modalit\u00e9s expliqu\u00e9es ci-dessous. Nature des donn\u00e9es personnelles Le traitement portera sur des donn\u00e9es personnelles et sera limit\u00e9 aux donn\u00e9es strictement [&hellip;]<\/p>\n","protected":false},"author":2,"featured_media":0,"parent":0,"menu_order":0,"comment_status":"closed","ping_status":"closed","template":"","meta":{"footnotes":""},"class_list":["post-9317","page","type-page","status-publish","hentry"],"yoast_head":"<!-- This site is optimized with the Yoast SEO plugin v27.2 - https:\/\/yoast.com\/product\/yoast-seo-wordpress\/ -->\n<title>Politique de confidentialit\u00e9 - OEMME SPA<\/title>\n<meta name=\"robots\" content=\"index, follow, max-snippet:-1, max-image-preview:large, max-video-preview:-1\" \/>\n<link rel=\"canonical\" href=\"https:\/\/oemmespa.com\/fr\/politique-de-confidentialite-2\/\" \/>\n<meta property=\"og:locale\" content=\"fr_FR\" \/>\n<meta property=\"og:type\" content=\"article\" \/>\n<meta property=\"og:title\" content=\"Politique de confidentialit\u00e9 - OEMME SPA\" \/>\n<meta property=\"og:description\" content=\"POLITIQUE DE CONFIDENTIALIT\u00c9 Conform\u00e9ment \u00e0 l&rsquo;art. 13 du R\u00e8glement UE 2016\/679 (ci-apr\u00e8s le \u00a0\u00bb R\u00e8glement \u00a0\u00bb), OEMME S.p.A., le Responsable du traitement, vous informe que vos donn\u00e9es seront trait\u00e9es pour les finalit\u00e9s et selon les modalit\u00e9s expliqu\u00e9es ci-dessous. Nature des donn\u00e9es personnelles Le traitement portera sur des donn\u00e9es personnelles et sera limit\u00e9 aux donn\u00e9es strictement [&hellip;]\" \/>\n<meta property=\"og:url\" content=\"https:\/\/oemmespa.com\/fr\/politique-de-confidentialite-2\/\" \/>\n<meta property=\"og:site_name\" content=\"OEMME SPA\" \/>\n<meta name=\"twitter:card\" content=\"summary_large_image\" \/>\n<meta name=\"twitter:label1\" content=\"Dur\u00e9e de lecture estim\u00e9e\" \/>\n\t<meta name=\"twitter:data1\" content=\"3 minutes\" \/>\n<script type=\"application\/ld+json\" class=\"yoast-schema-graph\">{\"@context\":\"https:\/\/schema.org\",\"@graph\":[{\"@type\":\"WebPage\",\"@id\":\"https:\/\/oemmespa.com\/fr\/politique-de-confidentialite-2\/\",\"url\":\"https:\/\/oemmespa.com\/fr\/politique-de-confidentialite-2\/\",\"name\":\"Politique de confidentialit\u00e9 - OEMME SPA\",\"isPartOf\":{\"@id\":\"https:\/\/oemmespa.com\/fr\/#website\"},\"datePublished\":\"2026-03-10T13:44:23+00:00\",\"breadcrumb\":{\"@id\":\"https:\/\/oemmespa.com\/fr\/politique-de-confidentialite-2\/#breadcrumb\"},\"inLanguage\":\"fr-FR\",\"potentialAction\":[{\"@type\":\"ReadAction\",\"target\":[\"https:\/\/oemmespa.com\/fr\/politique-de-confidentialite-2\/\"]}]},{\"@type\":\"BreadcrumbList\",\"@id\":\"https:\/\/oemmespa.com\/fr\/politique-de-confidentialite-2\/#breadcrumb\",\"itemListElement\":[{\"@type\":\"ListItem\",\"position\":1,\"name\":\"Home\",\"item\":\"https:\/\/oemmespa.com\/fr\/\"},{\"@type\":\"ListItem\",\"position\":2,\"name\":\"Politique de confidentialit\u00e9\"}]},{\"@type\":\"WebSite\",\"@id\":\"https:\/\/oemmespa.com\/fr\/#website\",\"url\":\"https:\/\/oemmespa.com\/fr\/\",\"name\":\"OEMME SPA\",\"description\":\"MACCHINE PER LAVORAZIONE DI SISTEMI IN LEGA LEGGERA\",\"publisher\":{\"@id\":\"https:\/\/oemmespa.com\/fr\/#organization\"},\"potentialAction\":[{\"@type\":\"SearchAction\",\"target\":{\"@type\":\"EntryPoint\",\"urlTemplate\":\"https:\/\/oemmespa.com\/fr\/?s={search_term_string}\"},\"query-input\":{\"@type\":\"PropertyValueSpecification\",\"valueRequired\":true,\"valueName\":\"search_term_string\"}}],\"inLanguage\":\"fr-FR\"},{\"@type\":\"Organization\",\"@id\":\"https:\/\/oemmespa.com\/fr\/#organization\",\"name\":\"OEMME SPA\",\"url\":\"https:\/\/oemmespa.com\/fr\/\",\"logo\":{\"@type\":\"ImageObject\",\"inLanguage\":\"fr-FR\",\"@id\":\"https:\/\/oemmespa.com\/fr\/#\/schema\/logo\/image\/\",\"url\":\"https:\/\/oemmespa.com\/wp-content\/uploads\/2026\/03\/Logo-Oemme-Completo.png\",\"contentUrl\":\"https:\/\/oemmespa.com\/wp-content\/uploads\/2026\/03\/Logo-Oemme-Completo.png\",\"width\":2160,\"height\":361,\"caption\":\"OEMME SPA\"},\"image\":{\"@id\":\"https:\/\/oemmespa.com\/fr\/#\/schema\/logo\/image\/\"}}]}<\/script>\n<!-- \/ Yoast SEO plugin. -->","yoast_head_json":{"title":"Politique de confidentialit\u00e9 - OEMME SPA","robots":{"index":"index","follow":"follow","max-snippet":"max-snippet:-1","max-image-preview":"max-image-preview:large","max-video-preview":"max-video-preview:-1"},"canonical":"https:\/\/oemmespa.com\/fr\/politique-de-confidentialite-2\/","og_locale":"fr_FR","og_type":"article","og_title":"Politique de confidentialit\u00e9 - OEMME SPA","og_description":"POLITIQUE DE CONFIDENTIALIT\u00c9 Conform\u00e9ment \u00e0 l&rsquo;art. 13 du R\u00e8glement UE 2016\/679 (ci-apr\u00e8s le \u00a0\u00bb R\u00e8glement \u00a0\u00bb), OEMME S.p.A., le Responsable du traitement, vous informe que vos donn\u00e9es seront trait\u00e9es pour les finalit\u00e9s et selon les modalit\u00e9s expliqu\u00e9es ci-dessous. Nature des donn\u00e9es personnelles Le traitement portera sur des donn\u00e9es personnelles et sera limit\u00e9 aux donn\u00e9es strictement [&hellip;]","og_url":"https:\/\/oemmespa.com\/fr\/politique-de-confidentialite-2\/","og_site_name":"OEMME SPA","twitter_card":"summary_large_image","twitter_misc":{"Dur\u00e9e de lecture estim\u00e9e":"3 minutes"},"schema":{"@context":"https:\/\/schema.org","@graph":[{"@type":"WebPage","@id":"https:\/\/oemmespa.com\/fr\/politique-de-confidentialite-2\/","url":"https:\/\/oemmespa.com\/fr\/politique-de-confidentialite-2\/","name":"Politique de confidentialit\u00e9 - OEMME SPA","isPartOf":{"@id":"https:\/\/oemmespa.com\/fr\/#website"},"datePublished":"2026-03-10T13:44:23+00:00","breadcrumb":{"@id":"https:\/\/oemmespa.com\/fr\/politique-de-confidentialite-2\/#breadcrumb"},"inLanguage":"fr-FR","potentialAction":[{"@type":"ReadAction","target":["https:\/\/oemmespa.com\/fr\/politique-de-confidentialite-2\/"]}]},{"@type":"BreadcrumbList","@id":"https:\/\/oemmespa.com\/fr\/politique-de-confidentialite-2\/#breadcrumb","itemListElement":[{"@type":"ListItem","position":1,"name":"Home","item":"https:\/\/oemmespa.com\/fr\/"},{"@type":"ListItem","position":2,"name":"Politique de confidentialit\u00e9"}]},{"@type":"WebSite","@id":"https:\/\/oemmespa.com\/fr\/#website","url":"https:\/\/oemmespa.com\/fr\/","name":"OEMME SPA","description":"MACCHINE PER LAVORAZIONE DI SISTEMI IN LEGA LEGGERA","publisher":{"@id":"https:\/\/oemmespa.com\/fr\/#organization"},"potentialAction":[{"@type":"SearchAction","target":{"@type":"EntryPoint","urlTemplate":"https:\/\/oemmespa.com\/fr\/?s={search_term_string}"},"query-input":{"@type":"PropertyValueSpecification","valueRequired":true,"valueName":"search_term_string"}}],"inLanguage":"fr-FR"},{"@type":"Organization","@id":"https:\/\/oemmespa.com\/fr\/#organization","name":"OEMME SPA","url":"https:\/\/oemmespa.com\/fr\/","logo":{"@type":"ImageObject","inLanguage":"fr-FR","@id":"https:\/\/oemmespa.com\/fr\/#\/schema\/logo\/image\/","url":"https:\/\/oemmespa.com\/wp-content\/uploads\/2026\/03\/Logo-Oemme-Completo.png","contentUrl":"https:\/\/oemmespa.com\/wp-content\/uploads\/2026\/03\/Logo-Oemme-Completo.png","width":2160,"height":361,"caption":"OEMME SPA"},"image":{"@id":"https:\/\/oemmespa.com\/fr\/#\/schema\/logo\/image\/"}}]}},"_links":{"self":[{"href":"https:\/\/oemmespa.com\/fr\/wp-json\/wp\/v2\/pages\/9317","targetHints":{"allow":["GET"]}}],"collection":[{"href":"https:\/\/oemmespa.com\/fr\/wp-json\/wp\/v2\/pages"}],"about":[{"href":"https:\/\/oemmespa.com\/fr\/wp-json\/wp\/v2\/types\/page"}],"author":[{"embeddable":true,"href":"https:\/\/oemmespa.com\/fr\/wp-json\/wp\/v2\/users\/2"}],"replies":[{"embeddable":true,"href":"https:\/\/oemmespa.com\/fr\/wp-json\/wp\/v2\/comments?post=9317"}],"version-history":[{"count":0,"href":"https:\/\/oemmespa.com\/fr\/wp-json\/wp\/v2\/pages\/9317\/revisions"}],"wp:attachment":[{"href":"https:\/\/oemmespa.com\/fr\/wp-json\/wp\/v2\/media?parent=9317"}],"curies":[{"name":"wp","href":"https:\/\/api.w.org\/{rel}","templated":true}]}}