{"id":4525,"date":"2018-12-20T16:08:34","date_gmt":"2018-12-20T15:08:34","guid":{"rendered":"https:\/\/oemmespa.com\/?page_id=4525"},"modified":"2018-12-20T16:08:34","modified_gmt":"2018-12-20T15:08:34","slug":"informativa-assistenza","status":"publish","type":"page","link":"https:\/\/oemmespa.com\/it\/informativa-assistenza\/","title":{"rendered":"Informativa assistenza"},"content":{"rendered":"<p>INFORMATIVA IN MATERIA DI PROTEZIONE DEI DATI PERSONALI<\/p>\n<p>Ai sensi dell\u2019art. 13 Regolamento 2016\/679\/UE (di seguito, per brevit\u00e0, \u201cRegolamento\u201d) OEMME S.p.A.,<br \/>\nnella sua qualit\u00e0 di Titolare del trattamento, La informa che i Suoi dati saranno trattati con le modalit\u00e0 e<br \/>\nper le finalit\u00e0 seguenti.<br \/>\nNatura dei dati personali<br \/>\nIl trattamento riguarder\u00e0 dati personali e sar\u00e0 limitato a quelli strettamente pertinenti e funzionali alla<br \/>\nfinalit\u00e0 perseguita.<br \/>\nFinalit\u00e0 del trattamento<br \/>\nIl trattamento dei dati personali avr\u00e0 la finalit\u00e0 di consentire al Titolare l\u2019esecuzione degli interventi di<br \/>\nmanutenzione e\/o assistenza sulla macchina richiesti dall\u2019interessato.<br \/>\nBase giuridica del trattamento<br \/>\nLa base giuridica del trattamento \u00e8 il contratto.<br \/>\nNatura del conferimento dei dati e conseguenze del rifiuto<br \/>\nIl conferimento dei dati personali da parte dell\u2019interessato \u00e8 facoltativo. L\u2019eventuale rifiuto comporta<br \/>\nl\u2019impossibilit\u00e0 per il Titolare di procedere con l\u2019intervento di assistenza richiesto.<br \/>\nModalit\u00e0 del trattamento<br \/>\nIl trattamento dei dati personali potr\u00e0 riguardare tutte le operazioni indicate all\u2019art. 4 n. 2) Regolamento. In<br \/>\nogni caso, saranno rispettati i limiti ed i principi di correttezza, liceit\u00e0, finalit\u00e0, qualit\u00e0, pertinenza, non<br \/>\neccedenza e trasparenza.<br \/>\nI dati personali saranno trattati con strumenti automatizzati e\/o cartacei per il tempo strettamente<br \/>\nnecessario per la finalit\u00e0 per cui sono stati raccolti.<br \/>\nI dati verranno conservati in archivi elettronici.<br \/>\nIl trattamento sar\u00e0 effettuato direttamente dall\u2019organizzazione del Titolare.<br \/>\nI dati potranno essere comunicati a terze parti quali distributori e\/o concessionari delle macchine, nonch\u00e9<br \/>\naziende con le quali il Titolare intrattiene rapporti di collaborazione tecnica e commerciale.<br \/>\nIn ogni caso, il trattamento dei dati avverr\u00e0 con logiche strettamente correlate alla finalit\u00e0 indicata e con<br \/>\nmodalit\u00e0 che garantiscono la loro sicurezza e la riservatezza, attraverso l\u2019adozione di misure idonee ad<br \/>\nimpedirne l\u2019alterazione, la cancellazione, la distruzione, l\u2019accesso non autorizzato o il trattamento non<br \/>\nconsentito o non conforme alla finalit\u00e0 della raccolta.<br \/>\nDiritti degli interessati<br \/>\nLei potr\u00e0, in qualsiasi momento, esercitare i diritti:<br \/>\na) di accesso ai dati personali;<br \/>\nb) di ottenere la rettifica o la cancellazione degli stessi o la limitazione del trattamento che La riguardano;<br \/>\nc) di opporsi al trattamento;<br \/>\nd) alla portabilit\u00e0 dei dati;<br \/>\ne) di revocare il consenso: la revoca del consenso non pregiudica la liceit\u00e0 del trattamento basata sul<br \/>\nconsenso conferito prima della revoca;<br \/>\nf) di proporre reclamo all&#8217;autorit\u00e0 di controllo (Garante Privacy).<br \/>\nL\u2019esercizio di tutti i diritti di cui sopra potr\u00e0 avvenire attraverso l\u2019invio di una richiesta mediante email<br \/>\nall\u2019indirizzo: privacy@oemmespa.com.<br \/>\nDurata del trattamento e periodo di conservazione<br \/>\nI dati personali volontariamente forniti dall\u2019interessato saranno trattati dal Titolare per tutta la durata del<br \/>\nservizio di assistenza e conservati per un periodo di dieci anni dalla esecuzione dell\u2019ultimo intervento,<br \/>\nsalvo maggior termine previsto dalla legge o nel caso in cui i dati siano necessari per la difesa dei diritti del<br \/>\nTitolare.<br \/>\nTitolare del trattamento<br \/>\nIl Titolare del trattamento oggetto della presente informativa \u00e8 OEMME S.p.A., con sede legale in<br \/>\nFerrara, in via F. L. Ferrari, 23, cap. 44122, email: privacy@oemmespa.com.<\/p>\n","protected":false},"excerpt":{"rendered":"<p>INFORMATIVA IN MATERIA DI PROTEZIONE DEI DATI PERSONALI Ai sensi dell\u2019art. 13 Regolamento 2016\/679\/UE (di seguito, per brevit\u00e0, \u201cRegolamento\u201d) OEMME S.p.A., nella sua qualit\u00e0 di Titolare del trattamento, La informa che i Suoi dati saranno trattati con le modalit\u00e0 e per le finalit\u00e0 seguenti. Natura dei dati personali Il trattamento riguarder\u00e0 dati personali e sar\u00e0 [&hellip;]<\/p>\n","protected":false},"author":2,"featured_media":0,"parent":0,"menu_order":0,"comment_status":"closed","ping_status":"closed","template":"","meta":{"footnotes":""},"class_list":["post-4525","page","type-page","status-publish","hentry"],"yoast_head":"<!-- This site is optimized with the Yoast SEO plugin v27.2 - https:\/\/yoast.com\/product\/yoast-seo-wordpress\/ -->\n<title>Informativa assistenza - OEMME SPA<\/title>\n<meta name=\"robots\" content=\"index, follow, max-snippet:-1, max-image-preview:large, max-video-preview:-1\" \/>\n<link rel=\"canonical\" href=\"https:\/\/oemmespa.com\/it\/informativa-assistenza\/\" \/>\n<meta property=\"og:locale\" content=\"it_IT\" \/>\n<meta property=\"og:type\" content=\"article\" \/>\n<meta property=\"og:title\" content=\"Informativa assistenza - OEMME SPA\" \/>\n<meta property=\"og:description\" content=\"INFORMATIVA IN MATERIA DI PROTEZIONE DEI DATI PERSONALI Ai sensi dell\u2019art. 13 Regolamento 2016\/679\/UE (di seguito, per brevit\u00e0, \u201cRegolamento\u201d) OEMME S.p.A., nella sua qualit\u00e0 di Titolare del trattamento, La informa che i Suoi dati saranno trattati con le modalit\u00e0 e per le finalit\u00e0 seguenti. Natura dei dati personali Il trattamento riguarder\u00e0 dati personali e sar\u00e0 [&hellip;]\" \/>\n<meta property=\"og:url\" content=\"https:\/\/oemmespa.com\/it\/informativa-assistenza\/\" \/>\n<meta property=\"og:site_name\" content=\"OEMME SPA\" \/>\n<meta name=\"twitter:card\" content=\"summary_large_image\" \/>\n<meta name=\"twitter:label1\" content=\"Tempo di lettura stimato\" \/>\n\t<meta name=\"twitter:data1\" content=\"2 minuti\" \/>\n<script type=\"application\/ld+json\" class=\"yoast-schema-graph\">{\"@context\":\"https:\/\/schema.org\",\"@graph\":[{\"@type\":\"WebPage\",\"@id\":\"https:\/\/oemmespa.com\/it\/informativa-assistenza\/\",\"url\":\"https:\/\/oemmespa.com\/it\/informativa-assistenza\/\",\"name\":\"Informativa assistenza - OEMME SPA\",\"isPartOf\":{\"@id\":\"https:\/\/oemmespa.com\/it\/#website\"},\"datePublished\":\"2018-12-20T15:08:34+00:00\",\"breadcrumb\":{\"@id\":\"https:\/\/oemmespa.com\/it\/informativa-assistenza\/#breadcrumb\"},\"inLanguage\":\"it-IT\",\"potentialAction\":[{\"@type\":\"ReadAction\",\"target\":[\"https:\/\/oemmespa.com\/it\/informativa-assistenza\/\"]}]},{\"@type\":\"BreadcrumbList\",\"@id\":\"https:\/\/oemmespa.com\/it\/informativa-assistenza\/#breadcrumb\",\"itemListElement\":[{\"@type\":\"ListItem\",\"position\":1,\"name\":\"Home\",\"item\":\"https:\/\/oemmespa.com\/it\/\"},{\"@type\":\"ListItem\",\"position\":2,\"name\":\"Informativa assistenza\"}]},{\"@type\":\"WebSite\",\"@id\":\"https:\/\/oemmespa.com\/it\/#website\",\"url\":\"https:\/\/oemmespa.com\/it\/\",\"name\":\"OEMME SPA\",\"description\":\"MACCHINE PER LAVORAZIONE DI SISTEMI IN LEGA LEGGERA\",\"publisher\":{\"@id\":\"https:\/\/oemmespa.com\/it\/#organization\"},\"potentialAction\":[{\"@type\":\"SearchAction\",\"target\":{\"@type\":\"EntryPoint\",\"urlTemplate\":\"https:\/\/oemmespa.com\/it\/?s={search_term_string}\"},\"query-input\":{\"@type\":\"PropertyValueSpecification\",\"valueRequired\":true,\"valueName\":\"search_term_string\"}}],\"inLanguage\":\"it-IT\"},{\"@type\":\"Organization\",\"@id\":\"https:\/\/oemmespa.com\/it\/#organization\",\"name\":\"OEMME SPA\",\"url\":\"https:\/\/oemmespa.com\/it\/\",\"logo\":{\"@type\":\"ImageObject\",\"inLanguage\":\"it-IT\",\"@id\":\"https:\/\/oemmespa.com\/it\/#\/schema\/logo\/image\/\",\"url\":\"https:\/\/oemmespa.com\/wp-content\/uploads\/2026\/03\/Logo-Oemme-Completo.png\",\"contentUrl\":\"https:\/\/oemmespa.com\/wp-content\/uploads\/2026\/03\/Logo-Oemme-Completo.png\",\"width\":2160,\"height\":361,\"caption\":\"OEMME SPA\"},\"image\":{\"@id\":\"https:\/\/oemmespa.com\/it\/#\/schema\/logo\/image\/\"}}]}<\/script>\n<!-- \/ Yoast SEO plugin. -->","yoast_head_json":{"title":"Informativa assistenza - OEMME SPA","robots":{"index":"index","follow":"follow","max-snippet":"max-snippet:-1","max-image-preview":"max-image-preview:large","max-video-preview":"max-video-preview:-1"},"canonical":"https:\/\/oemmespa.com\/it\/informativa-assistenza\/","og_locale":"it_IT","og_type":"article","og_title":"Informativa assistenza - OEMME SPA","og_description":"INFORMATIVA IN MATERIA DI PROTEZIONE DEI DATI PERSONALI Ai sensi dell\u2019art. 13 Regolamento 2016\/679\/UE (di seguito, per brevit\u00e0, \u201cRegolamento\u201d) OEMME S.p.A., nella sua qualit\u00e0 di Titolare del trattamento, La informa che i Suoi dati saranno trattati con le modalit\u00e0 e per le finalit\u00e0 seguenti. Natura dei dati personali Il trattamento riguarder\u00e0 dati personali e sar\u00e0 [&hellip;]","og_url":"https:\/\/oemmespa.com\/it\/informativa-assistenza\/","og_site_name":"OEMME SPA","twitter_card":"summary_large_image","twitter_misc":{"Tempo di lettura stimato":"2 minuti"},"schema":{"@context":"https:\/\/schema.org","@graph":[{"@type":"WebPage","@id":"https:\/\/oemmespa.com\/it\/informativa-assistenza\/","url":"https:\/\/oemmespa.com\/it\/informativa-assistenza\/","name":"Informativa assistenza - OEMME SPA","isPartOf":{"@id":"https:\/\/oemmespa.com\/it\/#website"},"datePublished":"2018-12-20T15:08:34+00:00","breadcrumb":{"@id":"https:\/\/oemmespa.com\/it\/informativa-assistenza\/#breadcrumb"},"inLanguage":"it-IT","potentialAction":[{"@type":"ReadAction","target":["https:\/\/oemmespa.com\/it\/informativa-assistenza\/"]}]},{"@type":"BreadcrumbList","@id":"https:\/\/oemmespa.com\/it\/informativa-assistenza\/#breadcrumb","itemListElement":[{"@type":"ListItem","position":1,"name":"Home","item":"https:\/\/oemmespa.com\/it\/"},{"@type":"ListItem","position":2,"name":"Informativa assistenza"}]},{"@type":"WebSite","@id":"https:\/\/oemmespa.com\/it\/#website","url":"https:\/\/oemmespa.com\/it\/","name":"OEMME SPA","description":"MACCHINE PER LAVORAZIONE DI SISTEMI IN LEGA LEGGERA","publisher":{"@id":"https:\/\/oemmespa.com\/it\/#organization"},"potentialAction":[{"@type":"SearchAction","target":{"@type":"EntryPoint","urlTemplate":"https:\/\/oemmespa.com\/it\/?s={search_term_string}"},"query-input":{"@type":"PropertyValueSpecification","valueRequired":true,"valueName":"search_term_string"}}],"inLanguage":"it-IT"},{"@type":"Organization","@id":"https:\/\/oemmespa.com\/it\/#organization","name":"OEMME SPA","url":"https:\/\/oemmespa.com\/it\/","logo":{"@type":"ImageObject","inLanguage":"it-IT","@id":"https:\/\/oemmespa.com\/it\/#\/schema\/logo\/image\/","url":"https:\/\/oemmespa.com\/wp-content\/uploads\/2026\/03\/Logo-Oemme-Completo.png","contentUrl":"https:\/\/oemmespa.com\/wp-content\/uploads\/2026\/03\/Logo-Oemme-Completo.png","width":2160,"height":361,"caption":"OEMME SPA"},"image":{"@id":"https:\/\/oemmespa.com\/it\/#\/schema\/logo\/image\/"}}]}},"_links":{"self":[{"href":"https:\/\/oemmespa.com\/it\/wp-json\/wp\/v2\/pages\/4525","targetHints":{"allow":["GET"]}}],"collection":[{"href":"https:\/\/oemmespa.com\/it\/wp-json\/wp\/v2\/pages"}],"about":[{"href":"https:\/\/oemmespa.com\/it\/wp-json\/wp\/v2\/types\/page"}],"author":[{"embeddable":true,"href":"https:\/\/oemmespa.com\/it\/wp-json\/wp\/v2\/users\/2"}],"replies":[{"embeddable":true,"href":"https:\/\/oemmespa.com\/it\/wp-json\/wp\/v2\/comments?post=4525"}],"version-history":[{"count":2,"href":"https:\/\/oemmespa.com\/it\/wp-json\/wp\/v2\/pages\/4525\/revisions"}],"predecessor-version":[{"id":4527,"href":"https:\/\/oemmespa.com\/it\/wp-json\/wp\/v2\/pages\/4525\/revisions\/4527"}],"wp:attachment":[{"href":"https:\/\/oemmespa.com\/it\/wp-json\/wp\/v2\/media?parent=4525"}],"curies":[{"name":"wp","href":"https:\/\/api.w.org\/{rel}","templated":true}]}}