{"id":4532,"date":"2018-12-21T09:33:17","date_gmt":"2018-12-21T08:33:17","guid":{"rendered":"http:\/\/oemmespa.com\/?page_id=4532"},"modified":"2018-12-21T10:02:28","modified_gmt":"2018-12-21T09:02:28","slug":"informativa-consulenza-preventivo-gratuito","status":"publish","type":"page","link":"https:\/\/oemmespa.com\/it\/informativa-consulenza-preventivo-gratuito\/","title":{"rendered":"Informativa Contattaci Consulenza e preventivo Gratuito"},"content":{"rendered":"<p style=\"text-align: center;\"><strong>INFORMATIVA IN MATERIA DI PROTEZIONE DEI DATI PERSONALI<\/strong><\/p>\n<p>Ai sensi dell\u2019art. 13 Regolamento 2016\/679\/UE (di seguito, per brevit\u00e0, \u201cRegolamento\u201d) OEMME S.p.A.,<br \/>\nnella sua qualit\u00e0 di Titolare del trattamento, La informa che i Suoi dati saranno trattati con le modalit\u00e0 e<br \/>\nper le finalit\u00e0 seguenti.<br \/>\n<strong>Natura dei dati personali<\/strong><br \/>\nIl trattamento riguarder\u00e0 dati personali e sar\u00e0 limitato a quelli strettamente pertinenti e funzionali alla<br \/>\nfinalit\u00e0 perseguita.<br \/>\n<strong>Finalit\u00e0 del trattamento<\/strong><br \/>\nIl trattamento avr\u00e0 la finalit\u00e0 di consentire al Titolare di gestire le richieste dell\u2019interessato di consulenza<br \/>\ne\/o preventivi gratuiti.<br \/>\n<strong>Base giuridica del trattamento<\/strong><br \/>\nLa base giuridica del trattamento \u00e8 il consenso liberamente prestato dall\u2019interessato.<br \/>\nNatura del conferimento dei dati e conseguenze del rifiuto<br \/>\nIl conferimento dei dati personali da parte dell\u2019interessato \u00e8 facoltativo ma necessario per la gestione delle<br \/>\nrichieste dallo stesso avanzate. In particolare, l\u2019eventuale rifiuto, integrale o parziale, a conferire tali dati,<br \/>\novvero un conferimento inesatto o non veritiero, determiner\u00e0 l\u2019impossibilit\u00e0 per il Titolare di procedere<br \/>\nall\u2019evasione della richiesta di consulenza e\/o preventivo.<br \/>\n<strong>Modalit\u00e0 del trattamento<\/strong><br \/>\nIl trattamento dei dati personali potr\u00e0 riguardare tutte le operazioni indicate all\u2019art. 4, co. 1, lett. a) Codice<br \/>\nPrivacy e all\u2019art. 4 n. 2) Regolamento. In ogni caso, saranno rispettati i limiti ed i principi di correttezza,<br \/>\nliceit\u00e0, finalit\u00e0, qualit\u00e0, pertinenza, non eccedenza e trasparenza.<br \/>\nI dati personali saranno trattati con strumenti automatizzati per il tempo strettamente necessario per le<br \/>\nfinalit\u00e0 per cui sono stati raccolti e verranno conservati in archivi elettronici.<br \/>\nIl trattamento sar\u00e0 effettuato direttamente dall\u2019organizzazione del Titolare e i dati non verranno<br \/>\ncomunicati a terzi.<br \/>\nIn ogni caso, il trattamento dei dati avverr\u00e0 con logiche strettamente correlate alla finalit\u00e0 indicata e con<br \/>\nmodalit\u00e0 che garantiscono la loro sicurezza e la riservatezza, attraverso l\u2019adozione di misure idonee ad<br \/>\nimpedirne l\u2019alterazione, la cancellazione, la distruzione, l\u2019accesso non autorizzato o il trattamento non<br \/>\nconsentito o non conforme alla finalit\u00e0 della raccolta.<br \/>\n<strong>Diritti degli interessati<\/strong><br \/>\nLei potr\u00e0, in qualsiasi momento, esercitare i diritti:<br \/>\na) di accesso ai dati personali;<br \/>\nb) di ottenere la rettifica o la cancellazione degli stessi o la limitazione del trattamento che La riguardano;<br \/>\nc) di opporsi al trattamento;<br \/>\nd) alla portabilit\u00e0 dei dati;<br \/>\ne) di revocare il consenso: la revoca del consenso non pregiudica la liceit\u00e0 del trattamento basata sul<br \/>\nconsenso conferito prima della revoca;<br \/>\nf) di proporre reclamo all&#8217;autorit\u00e0 di controllo (Garante Privacy).<br \/>\nL\u2019esercizio di tutti i diritti di cui sopra potr\u00e0 avvenire attraverso l\u2019invio di una richiesta mediante email<br \/>\nall\u2019indirizzo: privacy@oemmespa.com.<br \/>\n<strong>Durata del trattamento e periodo di conservazione<\/strong><br \/>\nI dati personali volontariamente forniti dall\u2019interessato saranno trattati dal Titolare e conservati per il<br \/>\nperiodo di dieci anni dalla richiesta di consulenza e\/o preventivo, salvo maggior termine previsto dalla<br \/>\nlegge o nel caso in cui i dati siano necessari per la difesa dei diritti del Titolare.<br \/>\n<strong>Titolare del trattamento<\/strong><br \/>\nIl Titolare del trattamento oggetto della presente informativa \u00e8 OEMME S.p.A., con sede legale in<br \/>\nFerrara, in via F. L. Ferrari, 23, cap. 44122, email: privacy@oemmespa.com.<\/p>\n","protected":false},"excerpt":{"rendered":"<p>INFORMATIVA IN MATERIA DI PROTEZIONE DEI DATI PERSONALI Ai sensi dell\u2019art. 13 Regolamento 2016\/679\/UE (di seguito, per brevit\u00e0, \u201cRegolamento\u201d) OEMME S.p.A., nella sua qualit\u00e0 di Titolare del trattamento, La informa che i Suoi dati saranno trattati con le modalit\u00e0 e per le finalit\u00e0 seguenti. Natura dei dati personali Il trattamento riguarder\u00e0 dati personali e sar\u00e0 [&hellip;]<\/p>\n","protected":false},"author":2,"featured_media":0,"parent":0,"menu_order":0,"comment_status":"closed","ping_status":"closed","template":"","meta":{"footnotes":""},"class_list":["post-4532","page","type-page","status-publish","hentry"],"yoast_head":"<!-- This site is optimized with the Yoast SEO plugin v27.2 - https:\/\/yoast.com\/product\/yoast-seo-wordpress\/ -->\n<title>Informativa Contattaci Consulenza e preventivo Gratuito - OEMME SPA<\/title>\n<meta name=\"robots\" content=\"index, follow, max-snippet:-1, max-image-preview:large, max-video-preview:-1\" \/>\n<link rel=\"canonical\" href=\"https:\/\/oemmespa.com\/it\/informativa-consulenza-preventivo-gratuito\/\" \/>\n<meta property=\"og:locale\" content=\"it_IT\" \/>\n<meta property=\"og:type\" content=\"article\" \/>\n<meta property=\"og:title\" content=\"Informativa Contattaci Consulenza e preventivo Gratuito - OEMME SPA\" \/>\n<meta property=\"og:description\" content=\"INFORMATIVA IN MATERIA DI PROTEZIONE DEI DATI PERSONALI Ai sensi dell\u2019art. 13 Regolamento 2016\/679\/UE (di seguito, per brevit\u00e0, \u201cRegolamento\u201d) OEMME S.p.A., nella sua qualit\u00e0 di Titolare del trattamento, La informa che i Suoi dati saranno trattati con le modalit\u00e0 e per le finalit\u00e0 seguenti. Natura dei dati personali Il trattamento riguarder\u00e0 dati personali e sar\u00e0 [&hellip;]\" \/>\n<meta property=\"og:url\" content=\"https:\/\/oemmespa.com\/it\/informativa-consulenza-preventivo-gratuito\/\" \/>\n<meta property=\"og:site_name\" content=\"OEMME SPA\" \/>\n<meta property=\"article:modified_time\" content=\"2018-12-21T09:02:28+00:00\" \/>\n<meta name=\"twitter:card\" content=\"summary_large_image\" \/>\n<meta name=\"twitter:label1\" content=\"Tempo di lettura stimato\" \/>\n\t<meta name=\"twitter:data1\" content=\"3 minuti\" \/>\n<script type=\"application\/ld+json\" class=\"yoast-schema-graph\">{\"@context\":\"https:\/\/schema.org\",\"@graph\":[{\"@type\":\"WebPage\",\"@id\":\"https:\/\/oemmespa.com\/it\/informativa-consulenza-preventivo-gratuito\/\",\"url\":\"https:\/\/oemmespa.com\/it\/informativa-consulenza-preventivo-gratuito\/\",\"name\":\"Informativa Contattaci Consulenza e preventivo Gratuito - OEMME SPA\",\"isPartOf\":{\"@id\":\"https:\/\/oemmespa.com\/it\/#website\"},\"datePublished\":\"2018-12-21T08:33:17+00:00\",\"dateModified\":\"2018-12-21T09:02:28+00:00\",\"breadcrumb\":{\"@id\":\"https:\/\/oemmespa.com\/it\/informativa-consulenza-preventivo-gratuito\/#breadcrumb\"},\"inLanguage\":\"it-IT\",\"potentialAction\":[{\"@type\":\"ReadAction\",\"target\":[\"https:\/\/oemmespa.com\/it\/informativa-consulenza-preventivo-gratuito\/\"]}]},{\"@type\":\"BreadcrumbList\",\"@id\":\"https:\/\/oemmespa.com\/it\/informativa-consulenza-preventivo-gratuito\/#breadcrumb\",\"itemListElement\":[{\"@type\":\"ListItem\",\"position\":1,\"name\":\"Home\",\"item\":\"https:\/\/oemmespa.com\/it\/\"},{\"@type\":\"ListItem\",\"position\":2,\"name\":\"Informativa Contattaci Consulenza e preventivo Gratuito\"}]},{\"@type\":\"WebSite\",\"@id\":\"https:\/\/oemmespa.com\/it\/#website\",\"url\":\"https:\/\/oemmespa.com\/it\/\",\"name\":\"OEMME SPA\",\"description\":\"MACCHINE PER LAVORAZIONE DI SISTEMI IN LEGA LEGGERA\",\"publisher\":{\"@id\":\"https:\/\/oemmespa.com\/it\/#organization\"},\"potentialAction\":[{\"@type\":\"SearchAction\",\"target\":{\"@type\":\"EntryPoint\",\"urlTemplate\":\"https:\/\/oemmespa.com\/it\/?s={search_term_string}\"},\"query-input\":{\"@type\":\"PropertyValueSpecification\",\"valueRequired\":true,\"valueName\":\"search_term_string\"}}],\"inLanguage\":\"it-IT\"},{\"@type\":\"Organization\",\"@id\":\"https:\/\/oemmespa.com\/it\/#organization\",\"name\":\"OEMME SPA\",\"url\":\"https:\/\/oemmespa.com\/it\/\",\"logo\":{\"@type\":\"ImageObject\",\"inLanguage\":\"it-IT\",\"@id\":\"https:\/\/oemmespa.com\/it\/#\/schema\/logo\/image\/\",\"url\":\"https:\/\/oemmespa.com\/wp-content\/uploads\/2026\/03\/Logo-Oemme-Completo.png\",\"contentUrl\":\"https:\/\/oemmespa.com\/wp-content\/uploads\/2026\/03\/Logo-Oemme-Completo.png\",\"width\":2160,\"height\":361,\"caption\":\"OEMME SPA\"},\"image\":{\"@id\":\"https:\/\/oemmespa.com\/it\/#\/schema\/logo\/image\/\"}}]}<\/script>\n<!-- \/ Yoast SEO plugin. -->","yoast_head_json":{"title":"Informativa Contattaci Consulenza e preventivo Gratuito - OEMME SPA","robots":{"index":"index","follow":"follow","max-snippet":"max-snippet:-1","max-image-preview":"max-image-preview:large","max-video-preview":"max-video-preview:-1"},"canonical":"https:\/\/oemmespa.com\/it\/informativa-consulenza-preventivo-gratuito\/","og_locale":"it_IT","og_type":"article","og_title":"Informativa Contattaci Consulenza e preventivo Gratuito - OEMME SPA","og_description":"INFORMATIVA IN MATERIA DI PROTEZIONE DEI DATI PERSONALI Ai sensi dell\u2019art. 13 Regolamento 2016\/679\/UE (di seguito, per brevit\u00e0, \u201cRegolamento\u201d) OEMME S.p.A., nella sua qualit\u00e0 di Titolare del trattamento, La informa che i Suoi dati saranno trattati con le modalit\u00e0 e per le finalit\u00e0 seguenti. Natura dei dati personali Il trattamento riguarder\u00e0 dati personali e sar\u00e0 [&hellip;]","og_url":"https:\/\/oemmespa.com\/it\/informativa-consulenza-preventivo-gratuito\/","og_site_name":"OEMME SPA","article_modified_time":"2018-12-21T09:02:28+00:00","twitter_card":"summary_large_image","twitter_misc":{"Tempo di lettura stimato":"3 minuti"},"schema":{"@context":"https:\/\/schema.org","@graph":[{"@type":"WebPage","@id":"https:\/\/oemmespa.com\/it\/informativa-consulenza-preventivo-gratuito\/","url":"https:\/\/oemmespa.com\/it\/informativa-consulenza-preventivo-gratuito\/","name":"Informativa Contattaci Consulenza e preventivo Gratuito - OEMME SPA","isPartOf":{"@id":"https:\/\/oemmespa.com\/it\/#website"},"datePublished":"2018-12-21T08:33:17+00:00","dateModified":"2018-12-21T09:02:28+00:00","breadcrumb":{"@id":"https:\/\/oemmespa.com\/it\/informativa-consulenza-preventivo-gratuito\/#breadcrumb"},"inLanguage":"it-IT","potentialAction":[{"@type":"ReadAction","target":["https:\/\/oemmespa.com\/it\/informativa-consulenza-preventivo-gratuito\/"]}]},{"@type":"BreadcrumbList","@id":"https:\/\/oemmespa.com\/it\/informativa-consulenza-preventivo-gratuito\/#breadcrumb","itemListElement":[{"@type":"ListItem","position":1,"name":"Home","item":"https:\/\/oemmespa.com\/it\/"},{"@type":"ListItem","position":2,"name":"Informativa Contattaci Consulenza e preventivo Gratuito"}]},{"@type":"WebSite","@id":"https:\/\/oemmespa.com\/it\/#website","url":"https:\/\/oemmespa.com\/it\/","name":"OEMME SPA","description":"MACCHINE PER LAVORAZIONE DI SISTEMI IN LEGA LEGGERA","publisher":{"@id":"https:\/\/oemmespa.com\/it\/#organization"},"potentialAction":[{"@type":"SearchAction","target":{"@type":"EntryPoint","urlTemplate":"https:\/\/oemmespa.com\/it\/?s={search_term_string}"},"query-input":{"@type":"PropertyValueSpecification","valueRequired":true,"valueName":"search_term_string"}}],"inLanguage":"it-IT"},{"@type":"Organization","@id":"https:\/\/oemmespa.com\/it\/#organization","name":"OEMME SPA","url":"https:\/\/oemmespa.com\/it\/","logo":{"@type":"ImageObject","inLanguage":"it-IT","@id":"https:\/\/oemmespa.com\/it\/#\/schema\/logo\/image\/","url":"https:\/\/oemmespa.com\/wp-content\/uploads\/2026\/03\/Logo-Oemme-Completo.png","contentUrl":"https:\/\/oemmespa.com\/wp-content\/uploads\/2026\/03\/Logo-Oemme-Completo.png","width":2160,"height":361,"caption":"OEMME SPA"},"image":{"@id":"https:\/\/oemmespa.com\/it\/#\/schema\/logo\/image\/"}}]}},"_links":{"self":[{"href":"https:\/\/oemmespa.com\/it\/wp-json\/wp\/v2\/pages\/4532","targetHints":{"allow":["GET"]}}],"collection":[{"href":"https:\/\/oemmespa.com\/it\/wp-json\/wp\/v2\/pages"}],"about":[{"href":"https:\/\/oemmespa.com\/it\/wp-json\/wp\/v2\/types\/page"}],"author":[{"embeddable":true,"href":"https:\/\/oemmespa.com\/it\/wp-json\/wp\/v2\/users\/2"}],"replies":[{"embeddable":true,"href":"https:\/\/oemmespa.com\/it\/wp-json\/wp\/v2\/comments?post=4532"}],"version-history":[{"count":3,"href":"https:\/\/oemmespa.com\/it\/wp-json\/wp\/v2\/pages\/4532\/revisions"}],"predecessor-version":[{"id":4543,"href":"https:\/\/oemmespa.com\/it\/wp-json\/wp\/v2\/pages\/4532\/revisions\/4543"}],"wp:attachment":[{"href":"https:\/\/oemmespa.com\/it\/wp-json\/wp\/v2\/media?parent=4532"}],"curies":[{"name":"wp","href":"https:\/\/api.w.org\/{rel}","templated":true}]}}